{"id":10,"date":"2020-03-22T19:33:51","date_gmt":"2020-03-22T22:33:51","guid":{"rendered":"http:\/\/localhost\/ppas\/?page_id=10"},"modified":"2025-03-01T10:18:52","modified_gmt":"2025-03-01T13:18:52","slug":"dr-leopoldo-j-bartolome","status":"publish","type":"page","link":"https:\/\/ppas.unam.edu.ar\/?page_id=10","title":{"rendered":"Dr. Leopoldo J. Bartolom\u00e9"},"content":{"rendered":"\t\t<div data-elementor-type=\"wp-page\" data-elementor-id=\"10\" class=\"elementor elementor-10\" data-elementor-post-type=\"page\">\n\t\t\t\t\t\t<section class=\"elementor-section elementor-top-section elementor-element elementor-element-bcd68a8 elementor-section-boxed elementor-section-height-default elementor-section-height-default\" data-id=\"bcd68a8\" data-element_type=\"section\">\n\t\t\t\t\t\t<div class=\"elementor-container elementor-column-gap-default\">\n\t\t\t\t\t<div class=\"elementor-column elementor-col-100 elementor-top-column elementor-element elementor-element-2071869\" data-id=\"2071869\" data-element_type=\"column\">\n\t\t\t<div class=\"elementor-widget-wrap elementor-element-populated\">\n\t\t\t\t\t\t<div class=\"elementor-element elementor-element-dbfda15 elementor-widget elementor-widget-spacer\" data-id=\"dbfda15\" data-element_type=\"widget\" data-widget_type=\"spacer.default\">\n\t\t\t\t<div class=\"elementor-widget-container\">\n\t\t\t\t\t\t\t<div class=\"elementor-spacer\">\n\t\t\t<div class=\"elementor-spacer-inner\"><\/div>\n\t\t<\/div>\n\t\t\t\t\t\t<\/div>\n\t\t\t\t<\/div>\n\t\t\t\t<div class=\"elementor-element elementor-element-bf29984 elementor-widget elementor-widget-heading\" data-id=\"bf29984\" data-element_type=\"widget\" data-widget_type=\"heading.default\">\n\t\t\t\t<div class=\"elementor-widget-container\">\n\t\t\t\t\t<h2 class=\"elementor-heading-title elementor-size-default\">Dr. Leopoldo J. Bartolom\u00e9<\/h2>\t\t\t\t<\/div>\n\t\t\t\t<\/div>\n\t\t\t\t\t<\/div>\n\t\t<\/div>\n\t\t\t\t\t<\/div>\n\t\t<\/section>\n\t\t\t\t<section class=\"elementor-section elementor-top-section elementor-element elementor-element-be7f1e4 elementor-section-boxed elementor-section-height-default elementor-section-height-default\" data-id=\"be7f1e4\" data-element_type=\"section\">\n\t\t\t\t\t\t<div class=\"elementor-container elementor-column-gap-default\">\n\t\t\t\t\t<div class=\"elementor-column elementor-col-33 elementor-top-column elementor-element elementor-element-1e8a503\" data-id=\"1e8a503\" data-element_type=\"column\">\n\t\t\t<div class=\"elementor-widget-wrap\">\n\t\t\t\t\t\t\t<\/div>\n\t\t<\/div>\n\t\t\t\t<div class=\"elementor-column elementor-col-33 elementor-top-column elementor-element elementor-element-6b0d8d9\" data-id=\"6b0d8d9\" data-element_type=\"column\">\n\t\t\t<div class=\"elementor-widget-wrap elementor-element-populated\">\n\t\t\t\t\t\t<div class=\"elementor-element elementor-element-6e0c015 elementor-widget__width-initial elementor-widget elementor-widget-image\" data-id=\"6e0c015\" data-element_type=\"widget\" data-widget_type=\"image.default\">\n\t\t\t\t<div class=\"elementor-widget-container\">\n\t\t\t\t\t\t\t\t\t\t\t\t\t\t\t<img fetchpriority=\"high\" decoding=\"async\" width=\"426\" height=\"320\" src=\"https:\/\/ppas.unam.edu.ar\/wp-content\/uploads\/2021\/08\/Leopoldo-I.jpeg\" class=\"attachment-full size-full wp-image-478\" alt=\"\" srcset=\"https:\/\/ppas.unam.edu.ar\/wp-content\/uploads\/2021\/08\/Leopoldo-I.jpeg 426w, https:\/\/ppas.unam.edu.ar\/wp-content\/uploads\/2021\/08\/Leopoldo-I-300x225.jpeg 300w\" sizes=\"(max-width: 426px) 100vw, 426px\" \/>\t\t\t\t\t\t\t\t\t\t\t\t\t\t\t<\/div>\n\t\t\t\t<\/div>\n\t\t\t\t\t<\/div>\n\t\t<\/div>\n\t\t\t\t<div class=\"elementor-column elementor-col-33 elementor-top-column elementor-element elementor-element-afc00fb\" data-id=\"afc00fb\" data-element_type=\"column\">\n\t\t\t<div class=\"elementor-widget-wrap\">\n\t\t\t\t\t\t\t<\/div>\n\t\t<\/div>\n\t\t\t\t\t<\/div>\n\t\t<\/section>\n\t\t\t\t<section class=\"elementor-section elementor-top-section elementor-element elementor-element-4a52fbe elementor-section-boxed elementor-section-height-default elementor-section-height-default\" data-id=\"4a52fbe\" data-element_type=\"section\">\n\t\t\t\t\t\t<div class=\"elementor-container elementor-column-gap-default\">\n\t\t\t\t\t<div class=\"elementor-column elementor-col-25 elementor-top-column elementor-element elementor-element-2cd4137\" data-id=\"2cd4137\" data-element_type=\"column\">\n\t\t\t<div class=\"elementor-widget-wrap\">\n\t\t\t\t\t\t\t<\/div>\n\t\t<\/div>\n\t\t\t\t<div class=\"elementor-column elementor-col-50 elementor-top-column elementor-element elementor-element-1b0514f\" data-id=\"1b0514f\" data-element_type=\"column\">\n\t\t\t<div class=\"elementor-widget-wrap elementor-element-populated\">\n\t\t\t\t\t\t<div class=\"elementor-element elementor-element-b38d224 elementor-widget elementor-widget-text-editor\" data-id=\"b38d224\" data-element_type=\"widget\" data-widget_type=\"text-editor.default\">\n\t\t\t\t<div class=\"elementor-widget-container\">\n\t\t\t\t\t\t\t\t\t<p align=\"justify\">El Doctor Leopoldo Jos\u00e9 Bartolom\u00e9 naci\u00f3 el 6 de diciembre de 1942 en Posadas, provincia de Misiones, Argentina. Obtuvo su graduaci\u00f3n como Licenciado en Ciencias Antropol\u00f3gicas en la Facultad de Filosof\u00eda y Letras de la Universidad de Buenos Aires (UBA) en 1967. Realiz\u00f3 estudios de posgrado en la Universidad de Wisconsin-Madison, Estados Unidos, donde obtuvo los t\u00edtulos de Master on Arts en 1971 y PhD in Socio- cultural Anthropology en 1974. Su especialidad fue la Antropolog\u00eda Social, a la que defendi\u00f3 en circunstancias dif\u00edciles, como durante la \u00faltima dictadura c\u00edvico-militar (1976- 1983), desempe\u00f1\u00e1ndose como \u201cprofesor furtivo\u201d en la ciudad de Buenos Aires. As\u00ed cre\u00f3 espacios acad\u00e9micos semi clandestinos, junto con otros colegas, lo que redund\u00f3 en la formaci\u00f3n de j\u00f3venes antrop\u00f3logos y estudiantes de la UBA durante esa \u00e9poca. De este modo, Bartolom\u00e9 se convirti\u00f3 en un referente fundamental, posibilitando la creaci\u00f3n de espacios contra-hegem\u00f3nicos a la Antropolog\u00eda entonces dominante. Sus primeras investigaciones versaron sobre temas agrarios, principalmente en la regi\u00f3n del Nordeste argentino. Tambi\u00e9n perteneci\u00f3 al Grupo de Trabajo sobre \u201cProcesos de Articulaci\u00f3n Social\u201d, organizado por el Consejo Latinoamericano de Ciencias Sociales (CLACSO), Ecuador. Fue miembro fundador del Colegio de Graduados en Antropolog\u00eda de la Rep\u00fablica Argentina (CGA) y de la Asociaci\u00f3n Latinoamericana de Antropolog\u00eda (ALA). Desde 1979 hasta 1989 trabaj\u00f3 como Jefe del Programa Urbano de Relocalizaci\u00f3n y Acci\u00f3n Social del Departamento de Infraestructura y Relocalizaciones de la Entidad Binacional Yacyret\u00e1. Se desempe\u00f1\u00f3 tambi\u00e9n como consultor en temas relacionados con los reasentamientos de poblaciones para el Banco Mundial, el Banco Interamericano de Desarrollo y diversas instituciones privadas y gubernamentales, y realiz\u00f3 consultor\u00edas en Argentina, Chile, Brasil, M\u00e9xico, China, Mongolia e India. En los \u00faltimos tiempos trabaj\u00f3 como consultor en Relocalizaciones Poblacionales y Represas, para la Comisi\u00f3n Mundial de Represas (The World Commission on Dams). Acerca de la problem\u00e1tica de los reasentamientos forzosos de poblaci\u00f3n, planteaba la necesidad de estudiarlos como fen\u00f3menos sociales multidimensionales, enfatizando la especificidad de concretar una Antropolog\u00eda de las Poblaciones Desplazadas. Lider\u00f3 desde 1995 el equipo plurinacional del Mercosur sobre Impacto Social de Grandes Proyectos de Infraestructura, conjuntamente con el Prof. Silvio Coelho dos Santos de la Universidad Federal de Santa Catarina (UFSC), Brasil. Dicho equipo estuvo integrado por investigadoras e investigadores de diversas universidades de Argentina, Brasil y Paraguay.<\/p><p align=\"justify\">Fue el creador de la Licenciatura en Antropolog\u00eda Social de la Universidad Nacional de Misiones en 1974. Desde 1986 fue Profesor Titular de la misma Universidad. Investigador Categor\u00eda I del Sistema Nacional de Incentivos. Fund\u00f3 el Programa de Posgrado en Antropolog\u00eda Social en la Universidad Nacional de Misiones (nivel Maestr\u00eda \u00a0en 1995 y Doctorado en 2001), siendo el primero en el pa\u00eds y en cuya direcci\u00f3n se mantuvo hasta su fallecimiento.<\/p><p align=\"justify\">Como profesor, desarroll\u00f3 actividades de grado y posgrado en distintas universidades nacionales y del extranjero. Asimismo, obtuvo diversos premios por su labor acad\u00e9mico\/cient\u00edfica, entre ellos, el premio Bernardo Houssay en 1987 y el Premio Konex en Humanidades en 1996.<\/p><p align=\"justify\">Su abundante y excelente producci\u00f3n acad\u00e9mica no puede rese\u00f1arse en la presente nota. En cambio, resulta imprescindible resaltar que Leopoldo Bartolom\u00e9 fue una persona \u00edntegra, siempre dispuesto a colaborar y a apoyar todas aquellas tareas acad\u00e9micas que le eran requeridas, especialmente si se trataba de demandas de los m\u00e1s j\u00f3venes, necesitados de gu\u00eda y aliento. Su buen humor y fina iron\u00eda permitieron a muchos colegas y amigos disfrutar de charlas formales e informales, las que Leopoldo estaba siempre presto a mantener con cordialidad, afecto y compromiso. Su obra ser\u00e1 recordada como el aporte de un aut\u00e9ntico humanista en el campo de la producci\u00f3n cient\u00edfica.<\/p><p align=\"justify\">El 23 de octubre de 2013 falleci\u00f3 en Posadas, provincia de Misiones, la misma ciudad donde hab\u00eda nacido.<\/p><p>Extra\u00eddo de la publicaci\u00f3n \u201cLEOPOLDO J. BARTOLOM\u00c9 (1942-2013)\u201d por Juan Carlos Radovich* en <em>Relaciones de la Sociedad Argentina de Antropolog\u00eda<\/em>. XXXIX (1), enero-junio 2014, pp. 17-18<\/p><p align=\"justify\"><span style=\"font-size: 12pt;\"><em>*Consejo Nacional de Investigaciones Cient\u00edficas y T\u00e9cnicas, Instituto de Ciencias Antropol\u00f3gicas, Secci\u00f3n Antropolog\u00eda Social, Facultad Filosof\u00eda y Letras, Universidad de Buenos Aires, Instituto Nacional de Antropolog\u00eda y Pensamiento Latinoamericano<\/em><\/span><\/p><p align=\"justify\"><span style=\"font-size: 12pt;\">Para leer otras semblanzas y homenajes al Dr. Bartolom\u00e9 dirigirse a <em>Revista Av\u00e1<\/em>. Programa de Posgrado en Antropolog\u00eda Social, N\u00famero especial \u201cHomenaje a Leopoldo Bartolom\u00e9\u201d, N\u00b0 25. \u00a0Diciembre de 2014.<\/span><\/p>\t\t\t\t\t\t\t\t<\/div>\n\t\t\t\t<\/div>\n\t\t\t\t<div class=\"elementor-element elementor-element-b66df73 elementor-align-center elementor-widget elementor-widget-button\" data-id=\"b66df73\" data-element_type=\"widget\" data-widget_type=\"button.default\">\n\t\t\t\t<div class=\"elementor-widget-container\">\n\t\t\t\t\t\t\t\t\t<div class=\"elementor-button-wrapper\">\n\t\t\t\t\t<a class=\"elementor-button elementor-button-link elementor-size-sm\" href=\"http:\/\/www.ava.unam.edu.ar\/index.php\/ava-25\" target=\"_blank\">\n\t\t\t\t\t\t<span class=\"elementor-button-content-wrapper\">\n\t\t\t\t\t\t\t\t\t<span class=\"elementor-button-text\">Ver m\u00e1s en Revista Av\u00e1<\/span>\n\t\t\t\t\t<\/span>\n\t\t\t\t\t<\/a>\n\t\t\t\t<\/div>\n\t\t\t\t\t\t\t\t<\/div>\n\t\t\t\t<\/div>\n\t\t\t\t<div class=\"elementor-element elementor-element-b71d31a elementor-widget elementor-widget-spacer\" data-id=\"b71d31a\" data-element_type=\"widget\" data-widget_type=\"spacer.default\">\n\t\t\t\t<div class=\"elementor-widget-container\">\n\t\t\t\t\t\t\t<div class=\"elementor-spacer\">\n\t\t\t<div class=\"elementor-spacer-inner\"><\/div>\n\t\t<\/div>\n\t\t\t\t\t\t<\/div>\n\t\t\t\t<\/div>\n\t\t\t\t\t<\/div>\n\t\t<\/div>\n\t\t\t\t<div class=\"elementor-column elementor-col-25 elementor-top-column elementor-element elementor-element-88b3997\" data-id=\"88b3997\" data-element_type=\"column\">\n\t\t\t<div class=\"elementor-widget-wrap\">\n\t\t\t\t\t\t\t<\/div>\n\t\t<\/div>\n\t\t\t\t\t<\/div>\n\t\t<\/section>\n\t\t\t\t<\/div>\n\t\t","protected":false},"excerpt":{"rendered":"<p>Dr. Leopoldo J. Bartolom\u00e9 El Doctor Leopoldo Jos\u00e9 Bartolom\u00e9 naci\u00f3 el 6 de diciembre de 1942 en Posadas, provincia de Misiones, Argentina. Obtuvo su graduaci\u00f3n como Licenciado en Ciencias Antropol\u00f3gicas en la Facultad de Filosof\u00eda y Letras de la Universidad de Buenos Aires (UBA) en 1967. Realiz\u00f3 estudios de posgrado en la Universidad de Wisconsin-Madison, [&hellip;]<\/p>\n","protected":false},"author":4,"featured_media":478,"parent":0,"menu_order":0,"comment_status":"closed","ping_status":"closed","template":"","meta":{"footnotes":""},"class_list":["post-10","page","type-page","status-publish","has-post-thumbnail","hentry"],"_links":{"self":[{"href":"https:\/\/ppas.unam.edu.ar\/index.php?rest_route=\/wp\/v2\/pages\/10","targetHints":{"allow":["GET"]}}],"collection":[{"href":"https:\/\/ppas.unam.edu.ar\/index.php?rest_route=\/wp\/v2\/pages"}],"about":[{"href":"https:\/\/ppas.unam.edu.ar\/index.php?rest_route=\/wp\/v2\/types\/page"}],"author":[{"embeddable":true,"href":"https:\/\/ppas.unam.edu.ar\/index.php?rest_route=\/wp\/v2\/users\/4"}],"replies":[{"embeddable":true,"href":"https:\/\/ppas.unam.edu.ar\/index.php?rest_route=%2Fwp%2Fv2%2Fcomments&post=10"}],"version-history":[{"count":23,"href":"https:\/\/ppas.unam.edu.ar\/index.php?rest_route=\/wp\/v2\/pages\/10\/revisions"}],"predecessor-version":[{"id":2336,"href":"https:\/\/ppas.unam.edu.ar\/index.php?rest_route=\/wp\/v2\/pages\/10\/revisions\/2336"}],"wp:featuredmedia":[{"embeddable":true,"href":"https:\/\/ppas.unam.edu.ar\/index.php?rest_route=\/wp\/v2\/media\/478"}],"wp:attachment":[{"href":"https:\/\/ppas.unam.edu.ar\/index.php?rest_route=%2Fwp%2Fv2%2Fmedia&parent=10"}],"curies":[{"name":"wp","href":"https:\/\/api.w.org\/{rel}","templated":true}]}}