{"id":1453,"date":"2023-05-16T17:44:07","date_gmt":"2023-05-16T20:44:07","guid":{"rendered":"https:\/\/ppas.unam.edu.ar\/?page_id=1453"},"modified":"2024-05-18T00:10:52","modified_gmt":"2024-05-18T03:10:52","slug":"tesis-de-maestria-y-doctorado","status":"publish","type":"page","link":"https:\/\/ppas.unam.edu.ar\/?page_id=1453","title":{"rendered":"Tesis de Doctorado"},"content":{"rendered":"\n<table id=\"tablepress-3\" class=\"tablepress tablepress-id-3\">\n<thead>\n<tr class=\"row-1\">\n\t<th class=\"column-1\">Apellido y Nombre<\/th><th class=\"column-2\">A\u00f1o<\/th><th class=\"column-3\">T\u00edtulo de la tesis<\/th><th class=\"column-4\">Director\/a<\/th><th class=\"column-5\">Codirector\/a<\/th>\n<\/tr>\n<\/thead>\n<tbody class=\"row-striping row-hover\">\n<tr class=\"row-2\">\n\t<td class=\"column-1\">Soprano, Germ\u00e1n<\/td><td class=\"column-2\">2003<\/td><td class=\"column-3\">Formas de organizaci\u00f3n y socializaci\u00f3n en un partido pol\u00edtico. Etnograf\u00eda sobre facciones, alianzas y clientelismo en el peronismo durante una campa\u00f1a electoral.<\/td><td class=\"column-4\">Dra. Rosana Guber<\/td><td class=\"column-5\"><\/td>\n<\/tr>\n<tr class=\"row-3\">\n\t<td class=\"column-1\">Mastrangelo, Andrea<\/td><td class=\"column-2\">2004<\/td><td class=\"column-3\">Con dos minas de oro, Bel\u00e9n no tiene caminos. Una interpretaci\u00f3n ideol\u00f3gica de las investigaciones financiadas por el Banco Mundial.<\/td><td class=\"column-4\">Dr. Leopoldo Bartolom\u00e9<\/td><td class=\"column-5\"><\/td>\n<\/tr>\n<tr class=\"row-4\">\n\t<td class=\"column-1\">Rodr\u00edguez, Laura Graciela<\/td><td class=\"column-2\">2004<\/td><td class=\"column-3\">Participaci\u00f3n Pol\u00edtica y G\u00e9nero: trayectorias de mujeres dirigentes del peronismo en la provincia de Misiones.<\/td><td class=\"column-4\">Dra. Rosana Guber<\/td><td class=\"column-5\"><\/td>\n<\/tr>\n<tr class=\"row-5\">\n\t<td class=\"column-1\">Barreto, Miguel \u00c1ngel<\/td><td class=\"column-2\">2004<\/td><td class=\"column-3\">Transformaciones de la vida urbana de Posadas y Resistencia a fines de los a\u00f1os 90. Vida cotidiana y espacio p\u00fablico en el marco de las transformaciones estructurales de las ciudades de Posadas y Resistencia (Argentina) a fines del siglo XX.<\/td><td class=\"column-4\">Mgter. Ana Gorosito Kramer<\/td><td class=\"column-5\"><\/td>\n<\/tr>\n<tr class=\"row-6\">\n\t<td class=\"column-1\">Pratesi, Ana Rosa<\/td><td class=\"column-2\">2005<\/td><td class=\"column-3\">Poblaci\u00f3n Pobre Objeto de Pol\u00edticas Sociales. El caso de Villa Progreso en Resistencia, Chaco.<\/td><td class=\"column-4\">Dr. Fernando Jaume<\/td><td class=\"column-5\"><\/td>\n<\/tr>\n<tr class=\"row-7\">\n\t<td class=\"column-1\">Gil, Gast\u00f3n<\/td><td class=\"column-2\">2005<\/td><td class=\"column-3\">Hinchas en Tr\u00e1nsito. Violencia. Memoria e Identidad en una hinchada de un club del interior.<\/td><td class=\"column-4\">Dr. Guillermo Ruben<\/td><td class=\"column-5\"><\/td>\n<\/tr>\n<tr class=\"row-8\">\n\t<td class=\"column-1\">Arach, Omar<\/td><td class=\"column-2\">2006<\/td><td class=\"column-3\">R\u00edo Revuelto: Desempe\u00f1o y trayectoria de una organizaci\u00f3n ambientalista paraguaya en la oposici\u00f3n al Proyecto Hidroel\u00e9ctrico Yacyret\u00e1 (1991-2000).<\/td><td class=\"column-4\">Dr. Leopoldo Bartolom\u00e9<\/td><td class=\"column-5\"><\/td>\n<\/tr>\n<tr class=\"row-9\">\n\t<td class=\"column-1\">Vega Guti\u00e9rrez, Rafael<\/td><td class=\"column-2\">2006<\/td><td class=\"column-3\">Cognici\u00f3n, Percepci\u00f3n y Responsabilidad. Algunas aproximaciones etnogr\u00e1ficas multisitiadas en torno a nuevas tecnolog\u00edas en agroproductores de tabaco.<\/td><td class=\"column-4\">Dr. Denis Baranger<\/td><td class=\"column-5\"><\/td>\n<\/tr>\n<tr class=\"row-10\">\n\t<td class=\"column-1\">Ferrero, Brian<\/td><td class=\"column-2\">2007<\/td><td class=\"column-3\">La selva en disputa. Superposici\u00f3n de cosmograf\u00edas agraria y ambientalista en la provincia de Misiones.<\/td><td class=\"column-4\">Dr. Leopoldo Bartolom\u00e9<\/td><td class=\"column-5\">Dr. Mario Lattuada<\/td>\n<\/tr>\n<tr class=\"row-11\">\n\t<td class=\"column-1\">Trpin, Ver\u00f3nica<\/td><td class=\"column-2\">2008<\/td><td class=\"column-3\">\"Pero siempre estuvo as\u00ed, es por los compradores del exterior\". Producci\u00f3n, trabajo y sindicato en la fruticultura del Alto Valle de R\u00edo Negro.<\/td><td class=\"column-4\">Dra. Gabriela Schiavoni<\/td><td class=\"column-5\"><\/td>\n<\/tr>\n<tr class=\"row-12\">\n\t<td class=\"column-1\">Krautstof, Elena Mar\u00eda<\/td><td class=\"column-2\">2009<\/td><td class=\"column-3\">Emigraci\u00f3n\/Inmigraci\u00f3n\/Colonizaci\u00f3n. Configuraci\u00f3n socio-identitaria de la Colonizaci\u00f3n polaca en las colonias de Wanda y Gob. Juan J. Lanusse. Misiones-Argentina\u201d.<\/td><td class=\"column-4\">Dr. Leopoldo Bartolom\u00e9<\/td><td class=\"column-5\"><\/td>\n<\/tr>\n<tr class=\"row-13\">\n\t<td class=\"column-1\">Poenitz. Alfredo Erich<\/td><td class=\"column-2\">2009<\/td><td class=\"column-3\">\u201cUna etnograf\u00eda hist\u00f3rica regional. Ra\u00edces y pervivencias culturales guaran\u00edes en los pueblos ribere\u00f1os de San Miguel y Loreto, Corrientes.\u201d<\/td><td class=\"column-4\">Dr. Roberto Abinzano<\/td><td class=\"column-5\"><\/td>\n<\/tr>\n<tr class=\"row-14\">\n\t<td class=\"column-1\">Reynoso Carlos<\/td><td class=\"column-2\">2010<\/td><td class=\"column-3\">\u201cRedes de complejidad: Modelos y algoritmos no convencionales en investigaci\u00f3n sociocultural\u201d.<\/td><td class=\"column-4\">Dr. Roberto Abinzano<\/td><td class=\"column-5\"><\/td>\n<\/tr>\n<tr class=\"row-15\">\n\t<td class=\"column-1\">Brites Walter<\/td><td class=\"column-2\">2012<\/td><td class=\"column-3\">\u201cAcci\u00f3n colectiva, movilizaci\u00f3n y protesta de los desplazados por la represa Yacyret\u00e1. La construcci\u00f3n de demandas reivindicativas en territorios de relegaci\u00f3n\u201d.<\/td><td class=\"column-4\">Dr. Fernando Jaume<\/td><td class=\"column-5\"><\/td>\n<\/tr>\n<tr class=\"row-16\">\n\t<td class=\"column-1\">Aquino Henn Iara<\/td><td class=\"column-2\">2012<\/td><td class=\"column-3\">\u201cAtores do Conhecimento e Interven\u00e7\u00e3o: A constru\u00e7\u00e3o Social da Agricultura Ecol\u00f3gica. Universidad Nacional de Misiones\u201d.<\/td><td class=\"column-4\">Dra. Gabriela Schiavoni<\/td><td class=\"column-5\"><\/td>\n<\/tr>\n<tr class=\"row-17\">\n\t<td class=\"column-1\">Pereira Duarte Valdir<\/td><td class=\"column-2\">2012<\/td><td class=\"column-3\">\u201cA ecologia como ideolog\u00eda. Pequenos agricultores e ecologia no Sudoeste do Paran\u00e1-Brasil.\u201d<\/td><td class=\"column-4\">Dr. Roberto Abinzano<\/td><td class=\"column-5\">Dr. Marco Aurelio Saquet<\/td>\n<\/tr>\n<tr class=\"row-18\">\n\t<td class=\"column-1\">D\u00b4Andrea Ana Mar\u00eda<\/td><td class=\"column-2\">2012<\/td><td class=\"column-3\">\u201c\u00bfDe qu\u00e9 color quer\u00e9s ser?. El bautismo como ritual de iniciaci\u00f3n de los ingresantes al profesorado de Educaci\u00f3n F\u00edsica.<\/td><td class=\"column-4\">Dr. Arno Vogel<\/td><td class=\"column-5\"><\/td>\n<\/tr>\n<tr class=\"row-19\">\n\t<td class=\"column-1\">Bondar C\u00e9sar Iv\u00e1n<\/td><td class=\"column-2\">2015<\/td><td class=\"column-3\">\u201cNo llores. Se le mojar\u00e1n las alas\u201d. Pr\u00e1cticas funerarias vinculadas a los ni\u00f1os difuntos (angelitos). Provincia de Corrientes, Argentina y Sur de la Regi\u00f3n Oriental de la Rep\u00fablica del Paraguay.<\/td><td class=\"column-4\">Dra. Elena Krautstofl<\/td><td class=\"column-5\"><\/td>\n<\/tr>\n<tr class=\"row-20\">\n\t<td class=\"column-1\">Rodr\u00edguez Jorge Daniel<\/td><td class=\"column-2\">2015<\/td><td class=\"column-3\">\u201cLa Universidad Nacional de Misiones en tiempos de dictadura (1976-1983): pol\u00edticas transformaciones y resistencia. Un estudio etnogr\u00e1fico de la experiencia de la Facultad de Humanidades y Cs. Sociales\u201d.<\/td><td class=\"column-4\">Dr. Fernando Jaume<\/td><td class=\"column-5\"><\/td>\n<\/tr>\n<tr class=\"row-21\">\n\t<td class=\"column-1\">Keller H\u00e9ctor Alejandro<\/td><td class=\"column-2\">2016<\/td><td class=\"column-3\">La fotos\u00edntesis de la cultura: estudios etnobiol\u00f3gicos en comunidades guaran\u00edes de Misiones, Argentina.<\/td><td class=\"column-4\">Dr. Miguel Alberto Bartolom\u00e9<\/td><td class=\"column-5\">Dr. Brian Ferrero<\/td>\n<\/tr>\n<tr class=\"row-22\">\n\t<td class=\"column-1\">G\u00f3mez Raimundo El\u00edas<\/td><td class=\"column-2\">2017<\/td><td class=\"column-3\">\u201cConflictos por la producci\u00f3n de naturalezas en la Reserva de Bi\u00f3sfera Yabot\u00ed, Misiones\u201d.<\/td><td class=\"column-4\">Dr. Brian Ferrero<\/td><td class=\"column-5\"><\/td>\n<\/tr>\n<tr class=\"row-23\">\n\t<td class=\"column-1\">Ram\u00edrez Delia Concepci\u00f3n<\/td><td class=\"column-2\">2017<\/td><td class=\"column-3\">\u201cEtnografiando el agronegocio. Impactos y consecuencias del avance forestal en una comunidad de Piray, Misiones\u201d.<\/td><td class=\"column-4\">Dra. Carla Gras<\/td><td class=\"column-5\">Dra. Gabriela Schiavoni<\/td>\n<\/tr>\n<tr class=\"row-24\">\n\t<td class=\"column-1\">Alcaraz Alberto Daniel<\/td><td class=\"column-2\">2017<\/td><td class=\"column-3\">Empresas, poder y estado: una etnograf\u00eda de las \u00e9lites del Alto Paran\u00e1 durante la explotaci\u00f3n yerbatera-maderera (1870-1930).<\/td><td class=\"column-4\">Mgter. Gorosito Kramer<\/td><td class=\"column-5\"><\/td>\n<\/tr>\n<tr class=\"row-25\">\n\t<td class=\"column-1\">Carpinetti Bruno Nicol\u00e1s<\/td><td class=\"column-2\">2017<\/td><td class=\"column-3\">Colonialismo verde. Ecolog\u00eda pol\u00edtica de la conservaci\u00f3n de la naturaleza en Guinea Ecuatorial.<\/td><td class=\"column-4\">Dr. Brian Ferrero<\/td><td class=\"column-5\">Dr. John E. Fa<\/td>\n<\/tr>\n<tr class=\"row-26\">\n\t<td class=\"column-1\">Cossi Carla Antonella<\/td><td class=\"column-2\">2017<\/td><td class=\"column-3\">Procesos de integraci\u00f3n-inserci\u00f3n\/estigmatizaci\u00f3n-rechazo en ciudades de frontera. Las condiciones laborales de los trabajadores transfronterizos en Posadas, Argentina y Encarnaci\u00f3n, Paraguay<\/td><td class=\"column-4\">Dr. Roberto Abinzano<\/td><td class=\"column-5\">Dr. Eric Cardim<\/td>\n<\/tr>\n<tr class=\"row-27\">\n\t<td class=\"column-1\">Buontempo Mar\u00eda Paula<\/td><td class=\"column-2\">2018<\/td><td class=\"column-3\">Universidad Bimodal. Una etnograf\u00eda sobre la implementaci\u00f3n de la educaci\u00f3n a distancia y las tecnolog\u00edas en la Universidad Nacional del Nordeste, Argentina.<\/td><td class=\"column-4\">Dra. Diana Milstein<\/td><td class=\"column-5\"><\/td>\n<\/tr>\n<tr class=\"row-28\">\n\t<td class=\"column-1\">Perret Myriam Fernanda<\/td><td class=\"column-2\">2019<\/td><td class=\"column-3\">La Artesan\u00eda Ind\u00edgena Chaque\u00f1a y el Mercado: el caso Qom de El Espinillo y Fort\u00edn Lavalle<\/td><td class=\"column-4\">Dra. Gabriela Schiavoni<\/td><td class=\"column-5\">Dra. Marilyn Cebolla Badie<\/td>\n<\/tr>\n<tr class=\"row-29\">\n\t<td class=\"column-1\">N\u00fa\u00f1ez Yamila Irup\u00e9<\/td><td class=\"column-2\">2019<\/td><td class=\"column-3\">\u201cInterculturalidad , Educaci\u00f3n Superior y mercado laboral. Un recorrido por las trayectorias de los estudiantes universitarios y egresados de la Provincia de Misiones (Argentina) y del Estado de Brasil (Paran\u00e1)\u201d<\/td><td class=\"column-4\">Mgter. Ana Gorosito Kramer<\/td><td class=\"column-5\">Dr. Roberto Wagner Do Amaral<\/td>\n<\/tr>\n<tr class=\"row-30\">\n\t<td class=\"column-1\">Todero Von On\u00e7ay Solange<\/td><td class=\"column-2\">2019<\/td><td class=\"column-3\">\u201cEduca\u00e7ao do campo e luta de classe: experi\u00eancia de educa\u00e7ao do campo no \u201cProjeto Vida Na Ro\u00e7a-PVR\u201d (Municipio de Dois Vizinhos\/PR, Brasil)<\/td><td class=\"column-4\">Dra. Gabriela Schiavoni<\/td><td class=\"column-5\"><\/td>\n<\/tr>\n<tr class=\"row-31\">\n\t<td class=\"column-1\">Carisimo Otero Adriana Leticia<\/td><td class=\"column-2\">2020<\/td><td class=\"column-3\">\u201cCartograf\u00edas de los espacios en transformaci\u00f3n. Antropodinamia y acciones colectivas en Encarnaci\u00f3n, Paraguay\u201d<\/td><td class=\"column-4\">Dr. Roberto Abinzano<\/td><td class=\"column-5\">Dra. Emilce Beatriz Cammarata<\/td>\n<\/tr>\n<tr class=\"row-32\">\n\t<td class=\"column-1\">Winikor Wagner Mariana<\/td><td class=\"column-2\">2020<\/td><td class=\"column-3\">\u201cVivir entre parientes\". Estrategias dom\u00e9sticas de familias en familias agr\u00edcolas del Alto Uruguay a inicios del siglo XXI.<\/td><td class=\"column-4\">Dra. Gabriela Schiavoni<\/td><td class=\"column-5\">Dra. Susana Novick<\/td>\n<\/tr>\n<tr class=\"row-33\">\n\t<td class=\"column-1\">Esponda Mar\u00eda Alejandra<\/td><td class=\"column-2\">2020<\/td><td class=\"column-3\">Trabajo, experiencia obrera y organizaci\u00f3n sindical.<\/td><td class=\"column-4\">Dra. Victoria Basualdo<\/td><td class=\"column-5\">Dra. Gabriela Schiavoni<\/td>\n<\/tr>\n<tr class=\"row-34\">\n\t<td class=\"column-1\">Ebenau Laura Andrea<\/td><td class=\"column-2\">2021<\/td><td class=\"column-3\">\u201cMoral y pol\u00edtica en la provincia de Misiones tras la crisis del sistema de partidos. Un estudio sobre la construcci\u00f3n de hegemon\u00eda a partir del an\u00e1lisis etnogr\u00e1fico de la \u2018Gesti\u00f3n Legislativa Estrat\u00e9gica\u2019 en la C\u00e1mara de Representantes\".<\/td><td class=\"column-4\">Dr. Fernando Jaume<\/td><td class=\"column-5\">Dr. Gabriel Noel<\/td>\n<\/tr>\n<tr class=\"row-35\">\n\t<td class=\"column-1\">Pegoraro Mar\u00eda Laura<\/td><td class=\"column-2\">2021<\/td><td class=\"column-3\">\u201cUn an\u00e1lisis etnogr\u00e1fico sobre las l\u00f3gicas sociales de las pr\u00e1cticas econ\u00f3micas de mujeres en un barrio popular de la ciudad de Corrientes\u201d.<\/td><td class=\"column-4\">Dra. Gabriela Schiavoni<\/td><td class=\"column-5\">Dr. Alexandre Roig<\/td>\n<\/tr>\n<tr class=\"row-36\">\n\t<td class=\"column-1\">Diez Mar\u00eda Carolina<\/td><td class=\"column-2\">2021<\/td><td class=\"column-3\">\"Lidiar con tabaco\u201d Una etnograf\u00eda sobre trabajo rural, salud y padecimientos de los(as) tabacaleros(as) de Misiones (Argentina).<\/td><td class=\"column-4\">Dra. Ver\u00f3nica Trpin<\/td><td class=\"column-5\">Mgter. Lidia Schiavoni<\/td>\n<\/tr>\n<tr class=\"row-37\">\n\t<td class=\"column-1\">Avalos Miguel Alejandro<\/td><td class=\"column-2\">2023<\/td><td class=\"column-3\">Sostener la vida: sufrimiento socioambiental y cuidados en el asentamiento Los Obreros, Misiones-Posadas<\/td><td class=\"column-4\">Dr. Walter Brites<\/td><td class=\"column-5\">Dra. Mariana Lorenzetti<\/td>\n<\/tr>\n<tr class=\"row-38\">\n\t<td class=\"column-1\">Haugg, Diana Elizabeth<\/td><td class=\"column-2\">2025<\/td><td class=\"column-3\">\"De guainos y prostitutas a madres pobres y tareferas. Un an\u00e1lisis antropol\u00f3gico sobre la participaci\u00f3n laboral femenina en la cosecha de la yerba mate, Misiones, Argentina\"<\/td><td class=\"column-4\">Dr. Fernando Jaume<\/td><td class=\"column-5\">Dra. Alejandra de Arce<\/td>\n<\/tr>\n<tr class=\"row-39\">\n\t<td class=\"column-1\">Tetzlaff, Yanina Vanesa<\/td><td class=\"column-2\">2025<\/td><td class=\"column-3\">El complejo agroindustrial citr\u00edcola: un estudio etnogr\u00e1fico y comparativo en la provincia de Misiones<\/td><td class=\"column-4\">Dra. Lidia Schiavoni<\/td><td class=\"column-5\">Dr. Lisandro Rodr\u00edguez<\/td>\n<\/tr>\n<\/tbody>\n<\/table>\n<!-- #tablepress-3 from cache -->\n","protected":false},"excerpt":{"rendered":"","protected":false},"author":2,"featured_media":0,"parent":0,"menu_order":0,"comment_status":"closed","ping_status":"closed","template":"templates\/full-width-page.php","meta":{"footnotes":""},"class_list":["post-1453","page","type-page","status-publish","hentry"],"_links":{"self":[{"href":"https:\/\/ppas.unam.edu.ar\/index.php?rest_route=\/wp\/v2\/pages\/1453","targetHints":{"allow":["GET"]}}],"collection":[{"href":"https:\/\/ppas.unam.edu.ar\/index.php?rest_route=\/wp\/v2\/pages"}],"about":[{"href":"https:\/\/ppas.unam.edu.ar\/index.php?rest_route=\/wp\/v2\/types\/page"}],"author":[{"embeddable":true,"href":"https:\/\/ppas.unam.edu.ar\/index.php?rest_route=\/wp\/v2\/users\/2"}],"replies":[{"embeddable":true,"href":"https:\/\/ppas.unam.edu.ar\/index.php?rest_route=%2Fwp%2Fv2%2Fcomments&post=1453"}],"version-history":[{"count":3,"href":"https:\/\/ppas.unam.edu.ar\/index.php?rest_route=\/wp\/v2\/pages\/1453\/revisions"}],"predecessor-version":[{"id":1466,"href":"https:\/\/ppas.unam.edu.ar\/index.php?rest_route=\/wp\/v2\/pages\/1453\/revisions\/1466"}],"wp:attachment":[{"href":"https:\/\/ppas.unam.edu.ar\/index.php?rest_route=%2Fwp%2Fv2%2Fmedia&parent=1453"}],"curies":[{"name":"wp","href":"https:\/\/api.w.org\/{rel}","templated":true}]}}