{"id":2242,"date":"2025-03-01T09:19:56","date_gmt":"2025-03-01T12:19:56","guid":{"rendered":"https:\/\/ppas.unam.edu.ar\/?page_id=2242"},"modified":"2025-03-01T10:24:54","modified_gmt":"2025-03-01T13:24:54","slug":"requisitos-de-admision","status":"publish","type":"page","link":"https:\/\/ppas.unam.edu.ar\/?page_id=2242","title":{"rendered":"Requisitos de admisi\u00f3n"},"content":{"rendered":"\t\t<div data-elementor-type=\"wp-page\" data-elementor-id=\"2242\" class=\"elementor elementor-2242\" data-elementor-post-type=\"page\">\n\t\t\t\t\t\t<section class=\"elementor-section elementor-top-section elementor-element elementor-element-c976440 elementor-section-boxed elementor-section-height-default elementor-section-height-default\" data-id=\"c976440\" data-element_type=\"section\">\n\t\t\t\t\t\t<div class=\"elementor-container elementor-column-gap-default\">\n\t\t\t\t\t<div class=\"elementor-column elementor-col-100 elementor-top-column elementor-element elementor-element-9d82f88\" data-id=\"9d82f88\" data-element_type=\"column\">\n\t\t\t<div class=\"elementor-widget-wrap elementor-element-populated\">\n\t\t\t\t\t\t<div class=\"elementor-element elementor-element-48a0ea4 elementor-widget elementor-widget-heading\" data-id=\"48a0ea4\" data-element_type=\"widget\" data-widget_type=\"heading.default\">\n\t\t\t\t<div class=\"elementor-widget-container\">\n\t\t\t\t\t<h1 class=\"elementor-heading-title elementor-size-default\">Requisitos de admisi\u00f3n PPAS<\/h1>\t\t\t\t<\/div>\n\t\t\t\t<\/div>\n\t\t\t\t\t<\/div>\n\t\t<\/div>\n\t\t\t\t\t<\/div>\n\t\t<\/section>\n\t\t\t\t<section class=\"elementor-section elementor-top-section elementor-element elementor-element-26186b5 elementor-section-boxed elementor-section-height-default elementor-section-height-default\" data-id=\"26186b5\" data-element_type=\"section\">\n\t\t\t\t\t\t<div class=\"elementor-container elementor-column-gap-default\">\n\t\t\t\t\t<div class=\"elementor-column elementor-col-100 elementor-top-column elementor-element elementor-element-a9e9c38\" data-id=\"a9e9c38\" data-element_type=\"column\">\n\t\t\t<div class=\"elementor-widget-wrap elementor-element-populated\">\n\t\t\t\t\t\t<div class=\"elementor-element elementor-element-ec7dc95 elementor-widget elementor-widget-spacer\" data-id=\"ec7dc95\" data-element_type=\"widget\" data-widget_type=\"spacer.default\">\n\t\t\t\t<div class=\"elementor-widget-container\">\n\t\t\t\t\t\t\t<div class=\"elementor-spacer\">\n\t\t\t<div class=\"elementor-spacer-inner\"><\/div>\n\t\t<\/div>\n\t\t\t\t\t\t<\/div>\n\t\t\t\t<\/div>\n\t\t\t\t\t<\/div>\n\t\t<\/div>\n\t\t\t\t\t<\/div>\n\t\t<\/section>\n\t\t\t\t<section class=\"elementor-section elementor-top-section elementor-element elementor-element-5d03455 elementor-section-boxed elementor-section-height-default elementor-section-height-default\" data-id=\"5d03455\" data-element_type=\"section\">\n\t\t\t\t\t\t<div class=\"elementor-container elementor-column-gap-default\">\n\t\t\t\t\t<div class=\"elementor-column elementor-col-33 elementor-top-column elementor-element elementor-element-0b950b7\" data-id=\"0b950b7\" data-element_type=\"column\">\n\t\t\t<div class=\"elementor-widget-wrap elementor-element-populated\">\n\t\t\t\t\t\t<div class=\"elementor-element elementor-element-9dbe17e elementor-toc--minimized-on-tablet elementor-widget elementor-widget-table-of-contents\" data-id=\"9dbe17e\" data-element_type=\"widget\" data-settings=\"{&quot;headings_by_tags&quot;:[&quot;h2&quot;],&quot;exclude_headings_by_selector&quot;:[],&quot;no_headings_message&quot;:&quot;No headings were found on this page.&quot;,&quot;sticky&quot;:&quot;top&quot;,&quot;sticky_offset&quot;:150,&quot;marker_view&quot;:&quot;numbers&quot;,&quot;minimize_box&quot;:&quot;yes&quot;,&quot;minimized_on&quot;:&quot;tablet&quot;,&quot;hierarchical_view&quot;:&quot;yes&quot;,&quot;min_height&quot;:{&quot;unit&quot;:&quot;px&quot;,&quot;size&quot;:&quot;&quot;,&quot;sizes&quot;:[]},&quot;min_height_tablet&quot;:{&quot;unit&quot;:&quot;px&quot;,&quot;size&quot;:&quot;&quot;,&quot;sizes&quot;:[]},&quot;min_height_mobile&quot;:{&quot;unit&quot;:&quot;px&quot;,&quot;size&quot;:&quot;&quot;,&quot;sizes&quot;:[]},&quot;sticky_on&quot;:[&quot;desktop&quot;,&quot;tablet&quot;,&quot;mobile&quot;],&quot;sticky_effects_offset&quot;:0,&quot;sticky_anchor_link_offset&quot;:0}\" data-widget_type=\"table-of-contents.default\">\n\t\t\t\t<div class=\"elementor-widget-container\">\n\t\t\t\t\t\t\t<div class=\"elementor-toc__header\">\n\t\t\t<h4 class=\"elementor-toc__header-title\">\n\t\t\t\tContenidos:\t\t\t<\/h4>\n\t\t\t\t\t\t\t<div class=\"elementor-toc__toggle-button elementor-toc__toggle-button--expand\" role=\"button\" tabindex=\"0\" aria-controls=\"elementor-toc__9dbe17e\" aria-expanded=\"true\" aria-label=\"Open table of contents\"><i aria-hidden=\"true\" class=\"fas fa-chevron-down\"><\/i><\/div>\n\t\t\t\t<div class=\"elementor-toc__toggle-button elementor-toc__toggle-button--collapse\" role=\"button\" tabindex=\"0\" aria-controls=\"elementor-toc__9dbe17e\" aria-expanded=\"true\" aria-label=\"Close table of contents\"><i aria-hidden=\"true\" class=\"fas fa-chevron-up\"><\/i><\/div>\n\t\t\t\t\t<\/div>\n\t\t<div id=\"elementor-toc__9dbe17e\" class=\"elementor-toc__body\">\n\t\t\t<div class=\"elementor-toc__spinner-container\">\n\t\t\t\t<i class=\"elementor-toc__spinner eicon-animation-spin eicon-loading\" aria-hidden=\"true\"><\/i>\t\t\t<\/div>\n\t\t<\/div>\n\t\t\t\t\t\t<\/div>\n\t\t\t\t<\/div>\n\t\t\t\t\t<\/div>\n\t\t<\/div>\n\t\t\t\t<div class=\"elementor-column elementor-col-66 elementor-top-column elementor-element elementor-element-077c191\" data-id=\"077c191\" data-element_type=\"column\">\n\t\t\t<div class=\"elementor-widget-wrap elementor-element-populated\">\n\t\t\t\t\t\t<div class=\"elementor-element elementor-element-a46a4e4 elementor-widget elementor-widget-text-editor\" data-id=\"a46a4e4\" data-element_type=\"widget\" data-widget_type=\"text-editor.default\">\n\t\t\t\t<div class=\"elementor-widget-container\">\n\t\t\t\t\t\t\t\t\t<h2 id=\"maestria\"><strong>Requisitos de admisi\u00f3n a la Maestr\u00eda<\/strong><\/h2><p>La Maestr\u00eda en Antropolog\u00eda Social est\u00e1 destinada a profesionales con t\u00edtulo terciario o universitario de carreras con al menos cuatro a\u00f1os de duraci\u00f3n (no se admiten t\u00e9cnicos). Si bien se dar\u00e1 prioridad a egresados de carreras de Antropolog\u00eda, Sociolog\u00eda, Historia y disciplinas afines, no ser\u00e1 un requisito excluyente.<\/p><p>Se requiere la siguiente documentaci\u00f3n digitalizada:<\/p><p>-DNI, anverso y reverso<\/p><p>-Partida de nacimiento<\/p><p>-T\u00edtulo de grado<\/p><p>-Certificado anal\u00edtico de materias aprobadas en el grado<\/p><p>-Curriculum vitae, incluyendo el t\u00edtulo de la tesis de licenciatura, cargos docentes universitarios actuales y\/o anteriores, publicaciones (mencionando las indizaciones de las revistas en el caso de los art\u00edculos, y certificado de aceptaci\u00f3n si no estuvieran a\u00fan publicados, lo mismo para libros y cap\u00edtulos), beca de CONICET, ANPCYT o similar, conocimientos y certificaciones de idiomas, etc.<\/p><p>-Nota solicitando el ingreso a la Maestr\u00eda dirigida al Comit\u00e9 Acad\u00e9mico del Posgrado.<\/p><p>-2 Cartas de recomendaci\u00f3n<\/p><p><strong>Entrevista de admisi\u00f3n<\/strong><\/p><ol><li>El CAP designar\u00e1 a los profesores (en un n\u00famero no menor a dos) a cargo de la entrevista y fijar\u00e1 con su acuerdo la fecha y hora de la misma.<\/li><\/ol><p>Se le solicitar\u00e1 al postulante un ensayo de un m\u00ednimo de dos p\u00e1ginas que verse sobre su inter\u00e9s en la Antropolog\u00eda y los aportes que har\u00eda la disciplina a su formaci\u00f3n de base.<\/p><p>Los profesores deber\u00e1n contar con el ensayo al menos 24 horas antes de la entrevista. La misma tratar\u00e1 sobre la motivaci\u00f3n del\/ de la aspirante, sus expectativas, y servir\u00e1 tambi\u00e9n para informarle acerca de las condiciones de realizaci\u00f3n de la Maestr\u00eda.<\/p><ol start=\"2\"><li>Los entrevistadores completar\u00e1n un informe de entrevista en el que consten, en caso de admisi\u00f3n del\/ de la aspirante, los requisitos que deber\u00e1 cumplir en cuanto a la aprobaci\u00f3n de cr\u00e9ditos por asignaturas.<\/li><li>En la siguiente reuni\u00f3n el CAP tratar\u00e1 el informe de entrevista y resolver\u00e1 la situaci\u00f3n del aspirante.<\/li><\/ol><p>Para los casos de alumnos no provenientes de las ciencias sociales m\u00e1s pr\u00f3ximas a la Antropolog\u00eda, el CAP puede aconsejar la realizaci\u00f3n del curso de lecturas guiadas \u201cPrincipios de Antropolog\u00eda Social\u201d, con el objeto de introducir al alumno en conceptos b\u00e1sicos de la disciplina.<\/p><ol start=\"5\"><li>El aspirante ser\u00e1 notificado del resultado de su solicitud.<\/li><\/ol><p><strong>Cursos en el PPAS<\/strong><\/p><p>Los seminarios se diferencian en regulares: doce clases de tres horas de duraci\u00f3n cada una distribuidas en encuentros semanales, e intensivos: la misma cantidad de clases y carga horaria en una o dos semanas de duraci\u00f3n.<\/p><p>El estudiante de Maestr\u00eda deber\u00e1 cursar y aprobar doce seminarios en total, los cuales escoger\u00e1 seg\u00fan la oferta de cursos disponible. De \u00e9stos, los siguientes cuatro son obligatorios: Teor\u00edas Sociol\u00f3gicas y Antropol\u00f3gicas Contempor\u00e1neas, Epistemolog\u00eda de la Ciencias Sociales, M\u00e9todos Etnogr\u00e1ficos y Taller de Elaboraci\u00f3n de Tesis.<\/p><p>Equivalencias: los alumnos pueden solicitar el reconocimiento de hasta tres seminarios cursados y aprobados en otros posgrados de universidades nacionales.<\/p><p>Es obligatoria la realizaci\u00f3n de una prueba de ingl\u00e9s, a excepci\u00f3n de quienes acrediten un t\u00edtulo de profesor de ingl\u00e9s o de traductor oficial.<\/p><p>Para obtener el t\u00edtulo de Magister se debe presentar, defender y aprobar una monograf\u00eda de tesis.<\/p><p><strong>Aranceles: <\/strong>se abona una matr\u00edcula anual y cada uno de los seminarios a tomar. No existe cuota mensual fija.<\/p><p>Luego, se abonan los abonan los cr\u00e9ditos tutoriales y la defensa de tesis.<\/p><h2 id=\"doctorado\"><strong>Requisitos de admisi\u00f3n al Doctorado<\/strong><\/h2><p>El CAP examinar\u00e1 los antecedentes de los candidatos y, en funci\u00f3n de su trayectoria y de su proximidad a la disciplina, podr\u00e1 asignar la obligaci\u00f3n de aprobar desde una a seis asignaturas adicionales (entre 5 y 30 cr\u00e9ditos). En el caso de los graduados de carreras no afines, \u00e9stos deber\u00e1n contar previamente con un t\u00edtulo de Maestr\u00eda en Antropolog\u00eda de la UNaM o de otra universidad.\u00bb<\/p><p>Los postulantes deber\u00e1n presentar un proyecto de investigaci\u00f3n sobre una tem\u00e1tica ubicable en alguna de las l\u00edneas de investigaci\u00f3n definidas por el PPAS, y debe contar con el aval de un profesor perteneciente al plantel estable del Posgrado. Tambi\u00e9n tendr\u00e1n que acreditar su capacidad para leer fluidamente en ingl\u00e9s.<\/p><p>La selecci\u00f3n final ser\u00e1 efectuada por el CAP, que tomar\u00e1 en cuenta (a) los antecedentes del o de la postulante, (b) la calidad del proyecto de investigaci\u00f3n presentado y (c) la disponibilidad de docentes-investigadores para supervisar la investigaci\u00f3n y la elaboraci\u00f3n de la tesis doctoral.<\/p><p>Ser\u00e1n candidatos a postularse al Doctorado:<\/p><ol><li>a) <strong>Graduados con tesis en Antropolog\u00eda<\/strong>: En casos que no dispongan de antecedentes relevantes fuera de la propia licenciatura el n\u00famero de asignaturas podr\u00e1 extenderse de 6 hasta 9 (de 30 a 45 cr\u00e9ditos).<\/li><li>b) <strong>Graduados con tesis en carreras afines:<\/strong> El n\u00famero de asignaturas ser\u00e1 de 9 a 12 doce (45 a 60 cr\u00e9ditos).<\/li><li>c) <strong>Graduados en carreras no afines <\/strong>(o en Antropolog\u00eda o carreras afines, pero sin tesis): deber\u00e1n cursar y aprobar la Maestr\u00eda, y luego aprobar 6 asignaturas del Doctorado. En el caso de aspirantes que ya cuenten directamente con una tesis de maestr\u00eda en antropolog\u00eda social (IDES, UNC, UBA, o similares), tendr\u00e1n que aprobar 6 asignaturas (30 cr\u00e9ditos).<\/li><li>d) <strong>Graduados en otras carreras con maestr\u00eda en disciplina af\u00edn:<\/strong> deber\u00e1n aprobar entre 9 y 12 asignaturas (45 a 60 cr\u00e9ditos).<\/li><\/ol><p><strong>Documentaci\u00f3n a presentar: <\/strong><\/p><p>El postulante deber\u00e1 enviar una nota dirigida al Comit\u00e9 Acad\u00e9mico del Posgrado solicitando la admisi\u00f3n a la carrera de Doctorado en Antropolog\u00eda Social y los siguientes documentos digitalizados:<\/p><p>-Curriculum vitae, incluyendo t\u00edtulo de la tesis de licenciatura, cargos docentes universitarios actuales y\/o anteriores, publicaciones (mencionando las indizaciones de las revistas en el caso de los art\u00edculos, y certificado de aceptaci\u00f3n si no estuvieran a\u00fan publicados, lo mismo para libros y cap\u00edtulos), beca de CONICET, ANPCYT o similar, conocimientos y certificaciones de idiomas, etc.<\/p><p>-DNI, anverso y reverso<\/p><p>-Partida de nacimiento<\/p><p>-T\u00edtulo de grado<\/p><p>-Certificado anal\u00edtico de materias aprobadas en el grado<\/p><p>-T\u00edtulo de Maestr\u00eda (si lo hubiere)<\/p><p>-Proyecto de tesis doctoral (m\u00e1ximo 5 pp.) en el que conste la firma del director\/a y del co-director\/a (si lo hubiere). En el caso de los becarios del CONICET puede ser el plan de trabajo presentado para acceder a la beca.<\/p><p>-PDF de la tesis o monograf\u00eda de grado (si la hubiere)<\/p><p>-PDF de la tesis o memoria de maestr\u00eda (si la hubiere)<\/p><p>-PDF\u2019s de los documentos que avalen lo expresado en el CV (publicaciones, designaciones en cargos, adjudicaci\u00f3n de becas, etc.)<\/p><p>-Certificaci\u00f3n de dominio del idioma ingl\u00e9s<\/p><p>No se tratar\u00e1n presentaciones incompletas.<\/p><p><strong>Entrevista de admisi\u00f3n<\/strong><\/p><ol><li>El CAP designar\u00e1 a los profesores (en un n\u00famero no menor a dos) a cargo de la entrevista y fijar\u00e1 con su acuerdo la fecha y hora de la misma. La entrevista versar\u00e1 sobre la motivaci\u00f3n del\/ de la aspirante, sus expectativas, y servir\u00e1 tambi\u00e9n para informarle acerca de las condiciones de realizaci\u00f3n del Doctorado.<\/li><li>Los entrevistadores completar\u00e1n un informe de entrevista en el que consten, en caso de admisi\u00f3n del\/ de la aspirante, los requisitos que deber\u00e1 cumplir en cuanto a la aprobaci\u00f3n de cr\u00e9ditos por asignaturas, y -eventualmente- el plazo para rendir la prueba de ingl\u00e9s.<\/li><li>En la siguiente reuni\u00f3n, el CAP tratar\u00e1 el informe de entrevista y resolver\u00e1 la situaci\u00f3n del aspirante.<\/li><li>El aspirante ser\u00e1 notificado del resultado de su solicitud.<\/li><\/ol><p><strong>Cursos en el PPAS<\/strong><\/p><p>Los seminarios se diferencian en regulares: doce clases de tres horas de duraci\u00f3n cada una distribuidas en encuentros semanales, e intensivos: la misma cantidad de clases y carga horaria en una o dos semanas de duraci\u00f3n.<\/p><p>Equivalencias: los estudiantes pueden solicitar el reconocimiento de hasta tres seminarios cursados y aprobados en otros posgrados de universidades nacionales.<\/p><p>Es obligatoria la realizaci\u00f3n de una prueba de ingl\u00e9s, a excepci\u00f3n de quienes acrediten un t\u00edtulo de profesor de ingl\u00e9s o de traductor, la aprobaci\u00f3n del examen TOEFL, la traducci\u00f3n de art\u00edculos, cap\u00edtulos o libros, o haber realizado sus estudios secundarios y\/o universitarios en lengua inglesa.<\/p><p>Para obtener el t\u00edtulo de Doctor\/a se debe presentar, defender y aprobar una monograf\u00eda de tesis.<\/p><p><strong>Aranceles: <\/strong>se abona una matr\u00edcula anual y cada uno de los seminarios a tomar. No existe cuota mensual fija.<\/p><p>Luego, se abonan los aranceles de la prueba comprensiva, los cr\u00e9ditos tutoriales y la defensa de tesis doctoral.<\/p><h2 id=\"extrangero\"><strong>Requisitos de ingreso para aspirantes Extranjeros<\/strong><strong> a carreras de posgrado<\/strong><\/h2><p>Si desea cursar carreras de Posgrado en la UNaM, debe poseer T\u00edtulo de Grado y\/o Posgrado de Universidades P\u00fablicas o Privadas debidamente legalizados por las autoridades de su pa\u00eds, traducidos si no est\u00e1n en espa\u00f1ol y apostillados (apostilla de La Haya).<\/p><p>A continuaci\u00f3n se consignan las formas de ingreso, por las que puede optar, para declarar ante la Direcci\u00f3n Nacional de Migraciones <strong>-requisito indispensable<\/strong>&#8211; para ser considerado alumno regular, y posteriormente, poder emitirse el T\u00edtulo y Certificado Anal\u00edtico del graduado.<\/p><p>OPCION I:<\/p><p>Estando en su pa\u00eds de origen a trav\u00e9s de la <a href=\"http:\/\/mrecic.gov.ar\/es\/representaciones\">Representaci\u00f3n Consular de la Rep\u00fablica Argentina<\/a> Pueden consultar los requisitos para este tr\u00e1mite v\u00eda on-line ingresando al link: <a href=\"http:\/\/www.migraciones.gob.ar\">www.migraciones.gob.ar<\/a> en la solapa<strong><u> Permisos de ingreso<\/u><\/strong><\/p><p>En este link se tramita su ingreso como estudiante de una carrera formal, accediendo al mismo se encuentran todos los requisitos de migraciones\u00a0 ante el Consulado argentino, que debe cumplimentar el estudiante.<\/p><p>OPCION II:<\/p><p>Si no a realiz\u00f3 su ingreso al pa\u00eds\u00a0 a trav\u00e9s de la Representaci\u00f3n Consular de la Rep\u00fablica Argentina (Opci\u00f3n I) entrar\u00e1 al pa\u00eds como turista, teniendo que\u00a0 presentarse ante la Direcci\u00f3n Nacional de Migraciones, sita en calle Buenos Aires\u00a0 1633 (Posadas, Misiones), de 7 a 13 horas, para iniciar su tr\u00e1mite como alumno de una carrera de Posgrado de la UNaM, cumpliendo con los requisitos que le requerir\u00e1 dicha Direcci\u00f3n, y que se encuentran en el link <a href=\"http:\/\/www.migraciones.gob.ar\">www.migraciones.gob.ar<\/a> en la solapa<strong><u> Residencia.<\/u><\/strong><\/p>\t\t\t\t\t\t\t\t<\/div>\n\t\t\t\t<\/div>\n\t\t\t\t<div class=\"elementor-element elementor-element-c88d66b elementor-widget elementor-widget-button\" data-id=\"c88d66b\" data-element_type=\"widget\" data-widget_type=\"button.default\">\n\t\t\t\t<div class=\"elementor-widget-container\">\n\t\t\t\t\t\t\t\t\t<div class=\"elementor-button-wrapper\">\n\t\t\t\t\t<a class=\"elementor-button elementor-button-link elementor-size-sm\" href=\"https:\/\/ppas.unam.edu.ar\/\/wp-content\/uploads\/2021\/08\/Guia_visado_estudiantes_internacionales.pdf\" target=\"_blank\">\n\t\t\t\t\t\t<span class=\"elementor-button-content-wrapper\">\n\t\t\t\t\t\t\t\t\t<span class=\"elementor-button-text\">Ver\/Descargar la Gu\u00eda de Visado para estudiantes internacionales<\/span>\n\t\t\t\t\t<\/span>\n\t\t\t\t\t<\/a>\n\t\t\t\t<\/div>\n\t\t\t\t\t\t\t\t<\/div>\n\t\t\t\t<\/div>\n\t\t\t\t\t<\/div>\n\t\t<\/div>\n\t\t\t\t\t<\/div>\n\t\t<\/section>\n\t\t\t\t<\/div>\n\t\t","protected":false},"excerpt":{"rendered":"<p>Requisitos de admisi\u00f3n PPAS Contenidos: Requisitos de admisi\u00f3n a la Maestr\u00eda La Maestr\u00eda en Antropolog\u00eda Social est\u00e1 destinada a profesionales con t\u00edtulo terciario o universitario de carreras con al menos cuatro a\u00f1os de duraci\u00f3n (no se admiten t\u00e9cnicos). Si bien se dar\u00e1 prioridad a egresados de carreras de Antropolog\u00eda, Sociolog\u00eda, Historia y disciplinas afines, no [&hellip;]<\/p>\n","protected":false},"author":2,"featured_media":0,"parent":0,"menu_order":0,"comment_status":"closed","ping_status":"closed","template":"","meta":{"footnotes":""},"class_list":["post-2242","page","type-page","status-publish","hentry"],"_links":{"self":[{"href":"https:\/\/ppas.unam.edu.ar\/index.php?rest_route=\/wp\/v2\/pages\/2242","targetHints":{"allow":["GET"]}}],"collection":[{"href":"https:\/\/ppas.unam.edu.ar\/index.php?rest_route=\/wp\/v2\/pages"}],"about":[{"href":"https:\/\/ppas.unam.edu.ar\/index.php?rest_route=\/wp\/v2\/types\/page"}],"author":[{"embeddable":true,"href":"https:\/\/ppas.unam.edu.ar\/index.php?rest_route=\/wp\/v2\/users\/2"}],"replies":[{"embeddable":true,"href":"https:\/\/ppas.unam.edu.ar\/index.php?rest_route=%2Fwp%2Fv2%2Fcomments&post=2242"}],"version-history":[{"count":28,"href":"https:\/\/ppas.unam.edu.ar\/index.php?rest_route=\/wp\/v2\/pages\/2242\/revisions"}],"predecessor-version":[{"id":2349,"href":"https:\/\/ppas.unam.edu.ar\/index.php?rest_route=\/wp\/v2\/pages\/2242\/revisions\/2349"}],"wp:attachment":[{"href":"https:\/\/ppas.unam.edu.ar\/index.php?rest_route=%2Fwp%2Fv2%2Fmedia&parent=2242"}],"curies":[{"name":"wp","href":"https:\/\/api.w.org\/{rel}","templated":true}]}}