{"id":2445,"date":"2025-03-05T18:06:05","date_gmt":"2025-03-05T21:06:05","guid":{"rendered":"https:\/\/ppas.unam.edu.ar\/?page_id=2445"},"modified":"2025-03-05T18:06:05","modified_gmt":"2025-03-05T21:06:05","slug":"dra-m-victoria-roca","status":"publish","type":"page","link":"https:\/\/ppas.unam.edu.ar\/?page_id=2445","title":{"rendered":"Dra. M. Victoria Roca"},"content":{"rendered":"<p>Doctora en Ciencias Antropol\u00f3gicas por la Universidad Nacional de C\u00f3rdoba; Licenciada en Antropolog\u00eda con orientaci\u00f3n en Arqueolog\u00eda por la Universidad Nacional de Rosario.<\/p>\n<p>Seleccionada para ingresar como Investigadora del Consejo Nacional de Investigaciones Cient\u00edficas y T\u00e9cnicas -CONICET- (Convocatoria 2022) en el Instituto de Estudios Sociales y Humanos (CONICET-UNaM).<\/p>\n<p>Su \u00e1mbito de especializaci\u00f3n es la Arqueolog\u00eda de las Misiones Jesu\u00edticas. Trabaj\u00f3 como arque\u00f3loga de sitio en la Puesta en Valor de la Misi\u00f3n Santa Ana (Patrimonio UNESCO), financiada por el BID (2009-2010). Fue becaria doctoral (2012-2017) y posdoctoral (2018-2021) del CONICET. Ha investigado sobre la arquitectura de las misiones jesu\u00edtico-guaran\u00edes, los procesos vinculados a su destrucci\u00f3n en el contexto independentista, el rol de las mujeres en el \u00e1mbito reduccional y la conformaci\u00f3n de huertos y jardines en estos sitios. Tambi\u00e9n ha trabajado la vinculaci\u00f3n entre la arqueolog\u00eda, el turismo y el desarrollo local para los sitios de las misiones en Argentina, entre otros temas.<\/p>\n<p>Docente del M\u00f3dulo Arqueolog\u00eda en la Maestr\u00eda y Especializaci\u00f3n en Cultura Guaran\u00ed-Jesuita (Universidad Nacional de Misiones).<\/p>\n<p>Ha presentado trabajos sobre las misiones jesu\u00edticas en eventos cient\u00edficos nacionales e internacionales, y ha publicado su producci\u00f3n acad\u00e9mica en medios especializados. Ha recibido premios internacionales por su producci\u00f3n referente a la tem\u00e1tica jesu\u00edtica.<\/p>\n<p>Actualmente desarrolla el proyecto: \u201cPuesta en valor del patrimonio jesu\u00edtico-guaran\u00ed. Continuidades y cambios en la producci\u00f3n local de objetos en las misiones (siglos XVII y XVIII)\u201d.<\/p>\n<p>L\u00edneas de investigaci\u00f3n: arqueolog\u00eda jesuita, arqueolog\u00eda posjesuita, procesos de patrimonializaci\u00f3n, procesos de etnog\u00e9nesis misional.<\/p>\n","protected":false},"excerpt":{"rendered":"<p>Doctora en Ciencias Antropol\u00f3gicas por la Universidad Nacional de C\u00f3rdoba; Licenciada en Antropolog\u00eda con orientaci\u00f3n en Arqueolog\u00eda por la Universidad Nacional de Rosario. Seleccionada para ingresar como Investigadora del Consejo Nacional de Investigaciones Cient\u00edficas y T\u00e9cnicas -CONICET- (Convocatoria 2022) en el Instituto de Estudios Sociales y Humanos (CONICET-UNaM). Su \u00e1mbito de especializaci\u00f3n es la Arqueolog\u00eda [&hellip;]<\/p>\n","protected":false},"author":2,"featured_media":0,"parent":0,"menu_order":0,"comment_status":"closed","ping_status":"closed","template":"","meta":{"footnotes":""},"class_list":["post-2445","page","type-page","status-publish","hentry"],"_links":{"self":[{"href":"https:\/\/ppas.unam.edu.ar\/index.php?rest_route=\/wp\/v2\/pages\/2445","targetHints":{"allow":["GET"]}}],"collection":[{"href":"https:\/\/ppas.unam.edu.ar\/index.php?rest_route=\/wp\/v2\/pages"}],"about":[{"href":"https:\/\/ppas.unam.edu.ar\/index.php?rest_route=\/wp\/v2\/types\/page"}],"author":[{"embeddable":true,"href":"https:\/\/ppas.unam.edu.ar\/index.php?rest_route=\/wp\/v2\/users\/2"}],"replies":[{"embeddable":true,"href":"https:\/\/ppas.unam.edu.ar\/index.php?rest_route=%2Fwp%2Fv2%2Fcomments&post=2445"}],"version-history":[{"count":1,"href":"https:\/\/ppas.unam.edu.ar\/index.php?rest_route=\/wp\/v2\/pages\/2445\/revisions"}],"predecessor-version":[{"id":2446,"href":"https:\/\/ppas.unam.edu.ar\/index.php?rest_route=\/wp\/v2\/pages\/2445\/revisions\/2446"}],"wp:attachment":[{"href":"https:\/\/ppas.unam.edu.ar\/index.php?rest_route=%2Fwp%2Fv2%2Fmedia&parent=2445"}],"curies":[{"name":"wp","href":"https:\/\/api.w.org\/{rel}","templated":true}]}}