{"id":2638,"date":"2025-06-11T20:43:03","date_gmt":"2025-06-11T23:43:03","guid":{"rendered":"https:\/\/ppas.unam.edu.ar\/?page_id=2638"},"modified":"2025-06-11T20:43:34","modified_gmt":"2025-06-11T23:43:34","slug":"dra-paola-canova-cabanas","status":"publish","type":"page","link":"https:\/\/ppas.unam.edu.ar\/?page_id=2638","title":{"rendered":"Dra. Paola Canova Caba\u00f1as"},"content":{"rendered":"\t\t<div data-elementor-type=\"wp-page\" data-elementor-id=\"2638\" class=\"elementor elementor-2638\" data-elementor-post-type=\"page\">\n\t\t\t\t\t\t<section class=\"elementor-section elementor-top-section elementor-element elementor-element-5f46878 elementor-section-boxed elementor-section-height-default elementor-section-height-default\" data-id=\"5f46878\" data-element_type=\"section\">\n\t\t\t\t\t\t<div class=\"elementor-container elementor-column-gap-default\">\n\t\t\t\t\t<div class=\"elementor-column elementor-col-100 elementor-top-column elementor-element elementor-element-b149fbe\" data-id=\"b149fbe\" data-element_type=\"column\">\n\t\t\t<div class=\"elementor-widget-wrap elementor-element-populated\">\n\t\t\t\t\t\t<div class=\"elementor-element elementor-element-5444bdd elementor-widget elementor-widget-text-editor\" data-id=\"5444bdd\" data-element_type=\"widget\" data-widget_type=\"text-editor.default\">\n\t\t\t\t<div class=\"elementor-widget-container\">\n\t\t\t\t\t\t\t\t\t<p><span style=\"font-weight: 400;\">Doctora en Antropolog\u00eda por la Universidad de Arizona, Ingeniera en Ecolog\u00eda Humana y Licenciada en Lengua Alemana por la Universidad Nacional de Asunci\u00f3n (Paraguay). Actualmente es profesora asociada en la facultad de antropolog\u00eda en la Universidad de Texas, Austin (EEUU). Tambi\u00e9n es profesora afiliada en el Centro de Estudios Latinoamericanos del la misma Universidad. Realiza investigaciones con comunidades ind\u00edgenas, menonitas y comunidades rurales no-ind\u00edgenas principalmente en el Chaco Paraguayo.<\/span><\/p><p><span style=\"font-weight: 400;\">Autora de: Frontier Intimacies: Ayoreo Women and the Sexual Economy of the Paraguayan Chaco (Universidad de Texas Press, 2020). Recientemente (2023) el libro fue traducido al espa\u00f1ol por la Editorial Biblos, Argentina. Es co-editora del libro Reimaging the Gran Chaco: Identities, Politics and the Environment in the Gran Chaco (University of Florida Press 2021). Tiene contribuciones en revistas acad\u00e9micas tales como el Journal of Latin American and Caribean Anthropology, el Journal of Mennonite Studies, y la revista Suplemento Antropol\u00f3gico del Centro de Estudios Antropol\u00f3gicos de la Universidad Cat\u00f3lica de Asunci\u00f3n, Paraguay. Es miembro del comit\u00e9 editorial de la Revista de Estudios Sociales de la Universidad de los Andes, Colombia. En Paraguay es miembro fundador de la Asociaci\u00f3n Paraguaya de Antropolog\u00eda, y miembro del comit\u00e9 ejecutivo de la ONG Pro Comunidades Ind\u00edgenas.<\/span><\/p><p><span style=\"font-weight: 400;\">L\u00edneas de investigaci\u00f3n: G\u00e9nero y sexualidad, relaciones entre pueblos ind\u00edgenas y el Estado, urbanidad ind\u00edgena, ecolog\u00eda pol\u00edtica.\u00a0<\/span><\/p>\t\t\t\t\t\t\t\t<\/div>\n\t\t\t\t<\/div>\n\t\t\t\t\t<\/div>\n\t\t<\/div>\n\t\t\t\t\t<\/div>\n\t\t<\/section>\n\t\t\t\t<\/div>\n\t\t","protected":false},"excerpt":{"rendered":"<p>Doctora en Antropolog\u00eda por la Universidad de Arizona, Ingeniera en Ecolog\u00eda Humana y Licenciada en Lengua Alemana por la Universidad Nacional de Asunci\u00f3n (Paraguay). Actualmente es profesora asociada en la facultad de antropolog\u00eda en la Universidad de Texas, Austin (EEUU). Tambi\u00e9n es profesora afiliada en el Centro de Estudios Latinoamericanos del la misma Universidad. Realiza [&hellip;]<\/p>\n","protected":false},"author":2,"featured_media":0,"parent":0,"menu_order":0,"comment_status":"closed","ping_status":"closed","template":"","meta":{"footnotes":""},"class_list":["post-2638","page","type-page","status-publish","hentry"],"_links":{"self":[{"href":"https:\/\/ppas.unam.edu.ar\/index.php?rest_route=\/wp\/v2\/pages\/2638","targetHints":{"allow":["GET"]}}],"collection":[{"href":"https:\/\/ppas.unam.edu.ar\/index.php?rest_route=\/wp\/v2\/pages"}],"about":[{"href":"https:\/\/ppas.unam.edu.ar\/index.php?rest_route=\/wp\/v2\/types\/page"}],"author":[{"embeddable":true,"href":"https:\/\/ppas.unam.edu.ar\/index.php?rest_route=\/wp\/v2\/users\/2"}],"replies":[{"embeddable":true,"href":"https:\/\/ppas.unam.edu.ar\/index.php?rest_route=%2Fwp%2Fv2%2Fcomments&post=2638"}],"version-history":[{"count":4,"href":"https:\/\/ppas.unam.edu.ar\/index.php?rest_route=\/wp\/v2\/pages\/2638\/revisions"}],"predecessor-version":[{"id":2642,"href":"https:\/\/ppas.unam.edu.ar\/index.php?rest_route=\/wp\/v2\/pages\/2638\/revisions\/2642"}],"wp:attachment":[{"href":"https:\/\/ppas.unam.edu.ar\/index.php?rest_route=%2Fwp%2Fv2%2Fmedia&parent=2638"}],"curies":[{"name":"wp","href":"https:\/\/api.w.org\/{rel}","templated":true}]}}