{"id":2650,"date":"2025-06-11T20:51:33","date_gmt":"2025-06-11T23:51:33","guid":{"rendered":"https:\/\/ppas.unam.edu.ar\/?page_id=2650"},"modified":"2025-06-11T20:52:05","modified_gmt":"2025-06-11T23:52:05","slug":"dra-maria-cecilia-gallero","status":"publish","type":"page","link":"https:\/\/ppas.unam.edu.ar\/?page_id=2650","title":{"rendered":"Dra. Mar\u00eda Cecilia Gallero"},"content":{"rendered":"\t\t<div data-elementor-type=\"wp-page\" data-elementor-id=\"2650\" class=\"elementor elementor-2650\" data-elementor-post-type=\"page\">\n\t\t\t\t\t\t<section class=\"elementor-section elementor-top-section elementor-element elementor-element-e49fbd6 elementor-section-boxed elementor-section-height-default elementor-section-height-default\" data-id=\"e49fbd6\" data-element_type=\"section\">\n\t\t\t\t\t\t<div class=\"elementor-container elementor-column-gap-default\">\n\t\t\t\t\t<div class=\"elementor-column elementor-col-100 elementor-top-column elementor-element elementor-element-b6fa54e\" data-id=\"b6fa54e\" data-element_type=\"column\">\n\t\t\t<div class=\"elementor-widget-wrap elementor-element-populated\">\n\t\t\t\t\t\t<div class=\"elementor-element elementor-element-1955b6d elementor-widget elementor-widget-text-editor\" data-id=\"1955b6d\" data-element_type=\"widget\" data-widget_type=\"text-editor.default\">\n\t\t\t\t<div class=\"elementor-widget-container\">\n\t\t\t\t\t\t\t\t\t<p style=\"text-align: justify;\"><span style=\"font-weight: 400;\">Doctora en Historia, Facultad de Filosof\u00eda y Letras de la Universidad Nacional de Cuyo. Mag\u00edster en Antropolog\u00eda Social, Programa de Postgrado en Antropolog\u00eda Social, Facultad de Ciencias Sociales y Humanidades, Universidad Nacional de Misiones. Licenciada en Historia, Facultad de Historia y Letras, Universidad del Salvador, Buenos Aires. Profesora de Ense\u00f1anza Secundaria, Normal y Especial en Historia, Facultad de Ciencias de la Educaci\u00f3n y de la Comunicaci\u00f3n Social, Universidad del Salvador, Buenos Aires. 2012 al presente: Investigadora Independiente del CONICET, con lugar de trabajo en el Instituto de Estudios Sociales y Humanos (IESyH-CONICET-UNaM), Posadas, Misiones. 2020 al presente: Profesora Adjunta de \u201cHistoria Universal IV: Historia Moderna\u201d en la Licenciatura y Profesorado de Historia en la Facultad de Humanidades y Ciencias Sociales de la Universidad Nacional de Misiones. 2011-2019: Profesora Titular, Seminario de Metodolog\u00eda de la Investigaci\u00f3n Hist\u00f3rica, Profesorado en Historia, Instituto Superior Antonio Ruiz de Montoya. 2018: Profesora en el curso de Posgrado del Seminario: Perspectivas socioculturales sobre migraciones y migrantes en el Programa de Posgrado en Antropolog\u00eda Social, Facultad de Humanidades y Ciencias Sociales de la UNaM. 2016: Profesora en el curso de posgrado Sociedad, Demograf\u00eda y Relaciones inter\u00e9tnicas Res. 639\/16-CD en la \u201cEspecializaci\u00f3n en Historia Regional\u201d de la Universidad Nacional del Nordeste. Directora del proyecto de investigaci\u00f3n \u201cCartograf\u00eda etnogr\u00e1fica e historia ambiental en Misiones (1881-2010)\u201d y Codirectora de \u201cMemorias del Contacto. Las relaciones indio-blanco en Misiones, Argentina (1920-1960)\u201d de la Secretar\u00eda de Investigaci\u00f3n y Posgrado (SINVyP- FHyCS\/UNaM) y contribuye fundamentalmente en la investigaci\u00f3n sobre el proceso de poblamiento de gesti\u00f3n privada en las colonias de Puerto Rico, Capiov\u00ed, Ruiz de Montoya, Montecarlo y Eldorado, as\u00ed como el origen \u00e9tnico y el acceso a la tierra de sus pobladores.<\/span><\/p><p style=\"text-align: justify;\"><span style=\"font-weight: 400;\">Autora de los siguientes libros: \u201cEl llamado del oro verde. Memorias de inmigrantes suizos en Misiones\u201d (2008), \u201cCon la Patria a Cuestas: La inmigraci\u00f3n alemana-brasile\u00f1a en la Colonia Rico, Misiones\u201d (2009), \u201cPipor\u00e9, 80 a\u00f1os haciendo historia en la yerba mate\u201d (2010), \u201cQuerida Misiones Hermosa! A trav\u00e9s de las memorias de Alberto Roth\u201d (2014), \u201cAcci\u00f3n Misiones: 75 a\u00f1os de la Iglesia Evang\u00e9lica Suiza en la Argentina\u201d (2019).<\/span><\/p><p style=\"text-align: justify;\"><span style=\"font-weight: 400;\">L\u00edneas de investigaci\u00f3n: Migraci\u00f3n y colonizaci\u00f3n. Historia social y procesos de poblamiento. Territorialidad. Identidad y relaciones inter e intra \u00e9tnicas. Migraci\u00f3n alemana-brasile\u00f1a y suiza. Historia regional e historia ambiental. Procesos culturales en la frontera de Argentina, Brasil y Paraguay. <\/span><\/p>\t\t\t\t\t\t\t\t<\/div>\n\t\t\t\t<\/div>\n\t\t\t\t\t<\/div>\n\t\t<\/div>\n\t\t\t\t\t<\/div>\n\t\t<\/section>\n\t\t\t\t<\/div>\n\t\t","protected":false},"excerpt":{"rendered":"<p>Doctora en Historia, Facultad de Filosof\u00eda y Letras de la Universidad Nacional de Cuyo. Mag\u00edster en Antropolog\u00eda Social, Programa de Postgrado en Antropolog\u00eda Social, Facultad de Ciencias Sociales y Humanidades, Universidad Nacional de Misiones. Licenciada en Historia, Facultad de Historia y Letras, Universidad del Salvador, Buenos Aires. Profesora de Ense\u00f1anza Secundaria, Normal y Especial en [&hellip;]<\/p>\n","protected":false},"author":2,"featured_media":0,"parent":0,"menu_order":0,"comment_status":"closed","ping_status":"closed","template":"","meta":{"footnotes":""},"class_list":["post-2650","page","type-page","status-publish","hentry"],"_links":{"self":[{"href":"https:\/\/ppas.unam.edu.ar\/index.php?rest_route=\/wp\/v2\/pages\/2650","targetHints":{"allow":["GET"]}}],"collection":[{"href":"https:\/\/ppas.unam.edu.ar\/index.php?rest_route=\/wp\/v2\/pages"}],"about":[{"href":"https:\/\/ppas.unam.edu.ar\/index.php?rest_route=\/wp\/v2\/types\/page"}],"author":[{"embeddable":true,"href":"https:\/\/ppas.unam.edu.ar\/index.php?rest_route=\/wp\/v2\/users\/2"}],"replies":[{"embeddable":true,"href":"https:\/\/ppas.unam.edu.ar\/index.php?rest_route=%2Fwp%2Fv2%2Fcomments&post=2650"}],"version-history":[{"count":4,"href":"https:\/\/ppas.unam.edu.ar\/index.php?rest_route=\/wp\/v2\/pages\/2650\/revisions"}],"predecessor-version":[{"id":2654,"href":"https:\/\/ppas.unam.edu.ar\/index.php?rest_route=\/wp\/v2\/pages\/2650\/revisions\/2654"}],"wp:attachment":[{"href":"https:\/\/ppas.unam.edu.ar\/index.php?rest_route=%2Fwp%2Fv2%2Fmedia&parent=2650"}],"curies":[{"name":"wp","href":"https:\/\/api.w.org\/{rel}","templated":true}]}}