{"id":2670,"date":"2025-06-11T21:02:24","date_gmt":"2025-06-12T00:02:24","guid":{"rendered":"https:\/\/ppas.unam.edu.ar\/?page_id=2670"},"modified":"2025-06-11T21:03:09","modified_gmt":"2025-06-12T00:03:09","slug":"dra-patricia-fasano-2","status":"publish","type":"page","link":"https:\/\/ppas.unam.edu.ar\/?page_id=2670","title":{"rendered":"Dra. Patricia Fasano"},"content":{"rendered":"\t\t<div data-elementor-type=\"wp-page\" data-elementor-id=\"2670\" class=\"elementor elementor-2670\" data-elementor-post-type=\"page\">\n\t\t\t\t\t\t<section class=\"elementor-section elementor-top-section elementor-element elementor-element-26a9501 elementor-section-boxed elementor-section-height-default elementor-section-height-default\" data-id=\"26a9501\" data-element_type=\"section\">\n\t\t\t\t\t\t<div class=\"elementor-container elementor-column-gap-default\">\n\t\t\t\t\t<div class=\"elementor-column elementor-col-100 elementor-top-column elementor-element elementor-element-ce1ef81\" data-id=\"ce1ef81\" data-element_type=\"column\">\n\t\t\t<div class=\"elementor-widget-wrap elementor-element-populated\">\n\t\t\t\t\t\t<div class=\"elementor-element elementor-element-d43cb5f elementor-widget elementor-widget-spacer\" data-id=\"d43cb5f\" data-element_type=\"widget\" data-widget_type=\"spacer.default\">\n\t\t\t\t<div class=\"elementor-widget-container\">\n\t\t\t\t\t\t\t<div class=\"elementor-spacer\">\n\t\t\t<div class=\"elementor-spacer-inner\"><\/div>\n\t\t<\/div>\n\t\t\t\t\t\t<\/div>\n\t\t\t\t<\/div>\n\t\t\t\t<div class=\"elementor-element elementor-element-ed1853c elementor-widget elementor-widget-text-editor\" data-id=\"ed1853c\" data-element_type=\"widget\" data-widget_type=\"text-editor.default\">\n\t\t\t\t<div class=\"elementor-widget-container\">\n\t\t\t\t\t\t\t\t\t<p style=\"text-align: justify;\"><span style=\"font-weight: 400;\">Doctora (UFRGS) y Magister (UNAM) en Antropolog\u00eda Social \u2013 Licenciada en Ciencias de la Informaci\u00f3n (UNER). Categor\u00eda III en el Programa de Incentivos. Ex Profesora Ordinaria de la Facultad de Ciencias de la Educaci\u00f3n (UNER), donde tuvo a cargo el \u00c1rea de Comunicaci\u00f3n Comunitaria y la c\u00e1tedra Antropolog\u00eda de la Licenciatura en Comunicaci\u00f3n Social. Ex Coordinadora de la Licenciatura en Comunicaci\u00f3n Social (UNER). Investigadora del Instituto de Estudios Sociales (UNER\/CONICET) en la l\u00ednea de Etnograf\u00eda de la comunicaci\u00f3n y la educaci\u00f3n popular. Extensionista en proyectos de comunicaci\u00f3n comunitaria. Docente de post-grado sobre antropolog\u00eda, etnograf\u00eda, escritura etnogr\u00e1fica y estudios etnogr\u00e1ficos de la comunicaci\u00f3n popular. Autora de De boca en boca: el chisme en la trama social de la pobreza (IDES-Antropofagia, 2006) y Cambio de estilo. Comunicaci\u00f3n, cultura popular y catolicismo en una radio comunitaria (Antropofagia, 2022); co-autora de Herramientas participativas para la comunicaci\u00f3n comunitaria (EDUNER, 2022); co-editora de Hacer comunicaci\u00f3n comunitaria desde la universidad. Redefiniciones a partir de la experiencia (EDUNER, 2023); co-coordinadora de Hab\u00eda un entonces: Memoria(s) de barrio Belgrano (UNER, 2009) y co-compiladora de Construyendo comunidades\u2026: Reflexiones actuales sobre comunicaci\u00f3n comunitaria (La Cruj\u00eda-UNER, 2009). Autora y co-autora de numerosos art\u00edculos y ponencias sobre comunicaci\u00f3n comunitaria, m\u00e9todo etnogr\u00e1fico, etnograf\u00eda de la comunicaci\u00f3n popular y relaci\u00f3n entre investigaci\u00f3n e intervenci\u00f3n en comunicaci\u00f3n. Ejerci\u00f3 el periodismo y la consultor\u00eda de proyectos sociales.<\/span><\/p><p style=\"text-align: justify;\">\u00a0<\/p><p style=\"text-align: justify;\"><span style=\"font-weight: 400;\">L\u00ednea de investigaci\u00f3n: Estudios etnogr\u00e1ficos de procesos de comunicaci\u00f3n popular y comunitaria en Entre R\u00edos.<\/span><\/p>\t\t\t\t\t\t\t\t<\/div>\n\t\t\t\t<\/div>\n\t\t\t\t\t<\/div>\n\t\t<\/div>\n\t\t\t\t\t<\/div>\n\t\t<\/section>\n\t\t\t\t<\/div>\n\t\t","protected":false},"excerpt":{"rendered":"<p>Doctora (UFRGS) y Magister (UNAM) en Antropolog\u00eda Social \u2013 Licenciada en Ciencias de la Informaci\u00f3n (UNER). Categor\u00eda III en el Programa de Incentivos. Ex Profesora Ordinaria de la Facultad de Ciencias de la Educaci\u00f3n (UNER), donde tuvo a cargo el \u00c1rea de Comunicaci\u00f3n Comunitaria y la c\u00e1tedra Antropolog\u00eda de la Licenciatura en Comunicaci\u00f3n Social. Ex [&hellip;]<\/p>\n","protected":false},"author":2,"featured_media":0,"parent":0,"menu_order":0,"comment_status":"closed","ping_status":"closed","template":"","meta":{"footnotes":""},"class_list":["post-2670","page","type-page","status-publish","hentry"],"_links":{"self":[{"href":"https:\/\/ppas.unam.edu.ar\/index.php?rest_route=\/wp\/v2\/pages\/2670","targetHints":{"allow":["GET"]}}],"collection":[{"href":"https:\/\/ppas.unam.edu.ar\/index.php?rest_route=\/wp\/v2\/pages"}],"about":[{"href":"https:\/\/ppas.unam.edu.ar\/index.php?rest_route=\/wp\/v2\/types\/page"}],"author":[{"embeddable":true,"href":"https:\/\/ppas.unam.edu.ar\/index.php?rest_route=\/wp\/v2\/users\/2"}],"replies":[{"embeddable":true,"href":"https:\/\/ppas.unam.edu.ar\/index.php?rest_route=%2Fwp%2Fv2%2Fcomments&post=2670"}],"version-history":[{"count":4,"href":"https:\/\/ppas.unam.edu.ar\/index.php?rest_route=\/wp\/v2\/pages\/2670\/revisions"}],"predecessor-version":[{"id":2674,"href":"https:\/\/ppas.unam.edu.ar\/index.php?rest_route=\/wp\/v2\/pages\/2670\/revisions\/2674"}],"wp:attachment":[{"href":"https:\/\/ppas.unam.edu.ar\/index.php?rest_route=%2Fwp%2Fv2%2Fmedia&parent=2670"}],"curies":[{"name":"wp","href":"https:\/\/api.w.org\/{rel}","templated":true}]}}