{"id":2704,"date":"2025-06-13T09:19:39","date_gmt":"2025-06-13T12:19:39","guid":{"rendered":"https:\/\/ppas.unam.edu.ar\/?page_id=2704"},"modified":"2025-06-13T09:19:58","modified_gmt":"2025-06-13T12:19:58","slug":"dra-silvia-hirsch","status":"publish","type":"page","link":"https:\/\/ppas.unam.edu.ar\/?page_id=2704","title":{"rendered":"Dra. Silvia Hirsch"},"content":{"rendered":"\t\t<div data-elementor-type=\"wp-page\" data-elementor-id=\"2704\" class=\"elementor elementor-2704\" data-elementor-post-type=\"page\">\n\t\t\t\t\t\t<section class=\"elementor-section elementor-top-section elementor-element elementor-element-9d91e6e elementor-section-boxed elementor-section-height-default elementor-section-height-default\" data-id=\"9d91e6e\" data-element_type=\"section\">\n\t\t\t\t\t\t<div class=\"elementor-container elementor-column-gap-default\">\n\t\t\t\t\t<div class=\"elementor-column elementor-col-100 elementor-top-column elementor-element elementor-element-64329ee\" data-id=\"64329ee\" data-element_type=\"column\">\n\t\t\t<div class=\"elementor-widget-wrap elementor-element-populated\">\n\t\t\t\t\t\t<div class=\"elementor-element elementor-element-5a623a9 elementor-widget elementor-widget-spacer\" data-id=\"5a623a9\" data-element_type=\"widget\" data-widget_type=\"spacer.default\">\n\t\t\t\t<div class=\"elementor-widget-container\">\n\t\t\t\t\t\t\t<div class=\"elementor-spacer\">\n\t\t\t<div class=\"elementor-spacer-inner\"><\/div>\n\t\t<\/div>\n\t\t\t\t\t\t<\/div>\n\t\t\t\t<\/div>\n\t\t\t\t<div class=\"elementor-element elementor-element-ae3a538 elementor-widget elementor-widget-text-editor\" data-id=\"ae3a538\" data-element_type=\"widget\" data-widget_type=\"text-editor.default\">\n\t\t\t\t<div class=\"elementor-widget-container\">\n\t\t\t\t\t\t\t\t\t<p><span style=\"font-weight: 400;\">Tiene una maestr\u00eda y doctorado de la Universidad de California en Los Angeles, Fue profesora en la Universidad de Princeton, el College of New Jersey, en los Estados Unidos, la UBA y FLACSO.\u00a0 Realiza investigaci\u00f3n en comunidades rurales y urbanas\u00a0 de los pueblos guaran\u00ed y tapiete del norte argentino, Bolivia y Paraguay.<\/span><\/p><p>\u00a0<\/p><p><span style=\"font-weight: 400;\">Actualmente se desempe\u00f1a como profesora e investigadora de la Escuela Interdisciplinaria de Altos Estudios Sociales de la Universidad Nacional de San Mart\u00edn, dirige la revista Etnograf\u00edas Contempor\u00e1neas, y es cocoordinadora del N\u00facleo de Estudios de Pueblos Ind\u00edgenas.\u00a0 Es autora\u00a0 de numerosos art\u00edculos y cap\u00edtulos sobre pueblos ind\u00edgenas y salud, g\u00e9nero, educaci\u00f3n intercultural biling\u00fce, territorio, y\u00a0 del libro El pueblo tapiete de Argentina, historia y cultura (2006). Adem\u00e1s es\u00a0 compiladora del libro \u00a0 Mujeres Ind\u00edgenas de la Argentina. Cuerpo, trabajo y poder, Biblos, 2008, co-compiladora junto a Paola Canova y Mercedes Biocca de Re-imagining the Gran Chaco:\u00a0 Identities, Politics and Environment in South America, University of Florida Press, 2021, junto a Mariana Lorenzetti de\u00a0 Salud p\u00fablica y pueblos ind\u00edgenas en la Argentina: encuentros, tensiones e interculturalidad, UNSAM edita, 2016.<\/span><\/p><p>\u00a0<\/p><p><span style=\"font-weight: 400;\">Tambi\u00e9n compil\u00f3 junto a Gast\u00f3n Gordillo, Movilizaciones ind\u00edgenas e identidades en disputa en la Argentina: historias de invisibilizaci\u00f3n y re-emergencia, Editorial La Cruj\u00eda, 2011, y junto a Adriana Serrudo, Educaci\u00f3n Intercultural Biling\u00fce en Argentina: Identidades, Lenguas y Protagonistas, Noveduc 2010.\u00a0<\/span><\/p>\t\t\t\t\t\t\t\t<\/div>\n\t\t\t\t<\/div>\n\t\t\t\t\t<\/div>\n\t\t<\/div>\n\t\t\t\t\t<\/div>\n\t\t<\/section>\n\t\t\t\t<\/div>\n\t\t","protected":false},"excerpt":{"rendered":"<p>Tiene una maestr\u00eda y doctorado de la Universidad de California en Los Angeles, Fue profesora en la Universidad de Princeton, el College of New Jersey, en los Estados Unidos, la UBA y FLACSO.\u00a0 Realiza investigaci\u00f3n en comunidades rurales y urbanas\u00a0 de los pueblos guaran\u00ed y tapiete del norte argentino, Bolivia y Paraguay. \u00a0 Actualmente se [&hellip;]<\/p>\n","protected":false},"author":2,"featured_media":0,"parent":0,"menu_order":0,"comment_status":"closed","ping_status":"closed","template":"","meta":{"footnotes":""},"class_list":["post-2704","page","type-page","status-publish","hentry"],"_links":{"self":[{"href":"https:\/\/ppas.unam.edu.ar\/index.php?rest_route=\/wp\/v2\/pages\/2704","targetHints":{"allow":["GET"]}}],"collection":[{"href":"https:\/\/ppas.unam.edu.ar\/index.php?rest_route=\/wp\/v2\/pages"}],"about":[{"href":"https:\/\/ppas.unam.edu.ar\/index.php?rest_route=\/wp\/v2\/types\/page"}],"author":[{"embeddable":true,"href":"https:\/\/ppas.unam.edu.ar\/index.php?rest_route=\/wp\/v2\/users\/2"}],"replies":[{"embeddable":true,"href":"https:\/\/ppas.unam.edu.ar\/index.php?rest_route=%2Fwp%2Fv2%2Fcomments&post=2704"}],"version-history":[{"count":4,"href":"https:\/\/ppas.unam.edu.ar\/index.php?rest_route=\/wp\/v2\/pages\/2704\/revisions"}],"predecessor-version":[{"id":2708,"href":"https:\/\/ppas.unam.edu.ar\/index.php?rest_route=\/wp\/v2\/pages\/2704\/revisions\/2708"}],"wp:attachment":[{"href":"https:\/\/ppas.unam.edu.ar\/index.php?rest_route=%2Fwp%2Fv2%2Fmedia&parent=2704"}],"curies":[{"name":"wp","href":"https:\/\/api.w.org\/{rel}","templated":true}]}}