{"id":438,"date":"2021-08-13T09:47:04","date_gmt":"2021-08-13T12:47:04","guid":{"rendered":"https:\/\/ppas.unam.edu.ar\/\/?page_id=438"},"modified":"2026-04-06T21:48:57","modified_gmt":"2026-04-07T00:48:57","slug":"secretaria","status":"publish","type":"page","link":"https:\/\/ppas.unam.edu.ar\/?page_id=438","title":{"rendered":"Secretar\u00eda"},"content":{"rendered":"\t\t<div data-elementor-type=\"wp-page\" data-elementor-id=\"438\" class=\"elementor elementor-438\" data-elementor-post-type=\"page\">\n\t\t\t\t\t\t<section class=\"elementor-section elementor-top-section elementor-element elementor-element-db5ff44 elementor-section-boxed elementor-section-height-default elementor-section-height-default\" data-id=\"db5ff44\" data-element_type=\"section\">\n\t\t\t\t\t\t<div class=\"elementor-container elementor-column-gap-default\">\n\t\t\t\t\t<div class=\"elementor-column elementor-col-100 elementor-top-column elementor-element elementor-element-d56728e\" data-id=\"d56728e\" data-element_type=\"column\">\n\t\t\t<div class=\"elementor-widget-wrap elementor-element-populated\">\n\t\t\t\t\t\t<div class=\"elementor-element elementor-element-7029fa5 elementor-widget elementor-widget-spacer\" data-id=\"7029fa5\" data-element_type=\"widget\" data-widget_type=\"spacer.default\">\n\t\t\t\t<div class=\"elementor-widget-container\">\n\t\t\t\t\t\t\t<div class=\"elementor-spacer\">\n\t\t\t<div class=\"elementor-spacer-inner\"><\/div>\n\t\t<\/div>\n\t\t\t\t\t\t<\/div>\n\t\t\t\t<\/div>\n\t\t\t\t<div class=\"elementor-element elementor-element-51a2f38 elementor-widget elementor-widget-heading\" data-id=\"51a2f38\" data-element_type=\"widget\" data-widget_type=\"heading.default\">\n\t\t\t\t<div class=\"elementor-widget-container\">\n\t\t\t\t\t<h2 class=\"elementor-heading-title elementor-size-default\">Secretar\u00eda<\/h2>\t\t\t\t<\/div>\n\t\t\t\t<\/div>\n\t\t\t\t<div class=\"elementor-element elementor-element-1afe0eb elementor-widget elementor-widget-spacer\" data-id=\"1afe0eb\" data-element_type=\"widget\" data-widget_type=\"spacer.default\">\n\t\t\t\t<div class=\"elementor-widget-container\">\n\t\t\t\t\t\t\t<div class=\"elementor-spacer\">\n\t\t\t<div class=\"elementor-spacer-inner\"><\/div>\n\t\t<\/div>\n\t\t\t\t\t\t<\/div>\n\t\t\t\t<\/div>\n\t\t\t\t\t<\/div>\n\t\t<\/div>\n\t\t\t\t\t<\/div>\n\t\t<\/section>\n\t\t\t\t<section class=\"elementor-section elementor-top-section elementor-element elementor-element-0b92dc6 elementor-section-boxed elementor-section-height-default elementor-section-height-default\" data-id=\"0b92dc6\" data-element_type=\"section\">\n\t\t\t\t\t\t<div class=\"elementor-container elementor-column-gap-default\">\n\t\t\t\t\t<div class=\"elementor-column elementor-col-25 elementor-top-column elementor-element elementor-element-61eaa2f\" data-id=\"61eaa2f\" data-element_type=\"column\">\n\t\t\t<div class=\"elementor-widget-wrap\">\n\t\t\t\t\t\t\t<\/div>\n\t\t<\/div>\n\t\t\t\t<div class=\"elementor-column elementor-col-50 elementor-top-column elementor-element elementor-element-5420e45\" data-id=\"5420e45\" data-element_type=\"column\">\n\t\t\t<div class=\"elementor-widget-wrap elementor-element-populated\">\n\t\t\t\t\t\t<div class=\"elementor-element elementor-element-eb8ddc0 elementor-widget elementor-widget-image\" data-id=\"eb8ddc0\" data-element_type=\"widget\" data-widget_type=\"image.default\">\n\t\t\t\t<div class=\"elementor-widget-container\">\n\t\t\t\t\t\t\t\t\t\t\t\t\t\t\t<img fetchpriority=\"high\" decoding=\"async\" width=\"300\" height=\"300\" src=\"https:\/\/ppas.unam.edu.ar\/wp-content\/uploads\/2024\/06\/304802028_10224407017216774_3896877836427941848_n-300x300.jpg\" class=\"attachment-medium size-medium wp-image-1877\" alt=\"\" srcset=\"https:\/\/ppas.unam.edu.ar\/wp-content\/uploads\/2024\/06\/304802028_10224407017216774_3896877836427941848_n-300x300.jpg 300w, https:\/\/ppas.unam.edu.ar\/wp-content\/uploads\/2024\/06\/304802028_10224407017216774_3896877836427941848_n-1024x1024.jpg 1024w, https:\/\/ppas.unam.edu.ar\/wp-content\/uploads\/2024\/06\/304802028_10224407017216774_3896877836427941848_n-150x150.jpg 150w, https:\/\/ppas.unam.edu.ar\/wp-content\/uploads\/2024\/06\/304802028_10224407017216774_3896877836427941848_n-768x768.jpg 768w, https:\/\/ppas.unam.edu.ar\/wp-content\/uploads\/2024\/06\/304802028_10224407017216774_3896877836427941848_n-640x640.jpg 640w, https:\/\/ppas.unam.edu.ar\/wp-content\/uploads\/2024\/06\/304802028_10224407017216774_3896877836427941848_n-100x100.jpg 100w, https:\/\/ppas.unam.edu.ar\/wp-content\/uploads\/2024\/06\/304802028_10224407017216774_3896877836427941848_n-60x60.jpg 60w, https:\/\/ppas.unam.edu.ar\/wp-content\/uploads\/2024\/06\/304802028_10224407017216774_3896877836427941848_n-50x50.jpg 50w, https:\/\/ppas.unam.edu.ar\/wp-content\/uploads\/2024\/06\/304802028_10224407017216774_3896877836427941848_n.jpg 1080w\" sizes=\"(max-width: 300px) 100vw, 300px\" \/>\t\t\t\t\t\t\t\t\t\t\t\t\t\t\t<\/div>\n\t\t\t\t<\/div>\n\t\t\t\t<div class=\"elementor-element elementor-element-43a0615 elementor-widget elementor-widget-text-editor\" data-id=\"43a0615\" data-element_type=\"widget\" data-widget_type=\"text-editor.default\">\n\t\t\t\t<div class=\"elementor-widget-container\">\n\t\t\t\t\t\t\t\t\t<p style=\"text-align: center;\"><strong>Carola Cayrus<\/strong><br \/>Lic. en Comunicaci\u00f3n Social (UAP).<\/p><p style=\"text-align: center;\"><strong>Horarios de atenci\u00f3n:<\/strong><br \/>Lunes a Viernes de 15:30 a 19:30 hs. Mi\u00e9rcoles, Jueves y Viernes de 08:00 a 12:00 hs.<\/p>\t\t\t\t\t\t\t\t<\/div>\n\t\t\t\t<\/div>\n\t\t\t\t\t<\/div>\n\t\t<\/div>\n\t\t\t\t<div class=\"elementor-column elementor-col-25 elementor-top-column elementor-element elementor-element-e6f3297\" data-id=\"e6f3297\" data-element_type=\"column\">\n\t\t\t<div class=\"elementor-widget-wrap\">\n\t\t\t\t\t\t\t<\/div>\n\t\t<\/div>\n\t\t\t\t\t<\/div>\n\t\t<\/section>\n\t\t\t\t<\/div>\n\t\t","protected":false},"excerpt":{"rendered":"<p>Secretar\u00eda Carola CayrusLic. en Comunicaci\u00f3n Social (UAP). Horarios de atenci\u00f3n:Lunes a Viernes de 15:30 a 19:30 hs. Mi\u00e9rcoles, Jueves y Viernes de 08:00 a 12:00 hs.<\/p>\n","protected":false},"author":2,"featured_media":0,"parent":0,"menu_order":0,"comment_status":"closed","ping_status":"closed","template":"","meta":{"footnotes":""},"class_list":["post-438","page","type-page","status-publish","hentry"],"_links":{"self":[{"href":"https:\/\/ppas.unam.edu.ar\/index.php?rest_route=\/wp\/v2\/pages\/438","targetHints":{"allow":["GET"]}}],"collection":[{"href":"https:\/\/ppas.unam.edu.ar\/index.php?rest_route=\/wp\/v2\/pages"}],"about":[{"href":"https:\/\/ppas.unam.edu.ar\/index.php?rest_route=\/wp\/v2\/types\/page"}],"author":[{"embeddable":true,"href":"https:\/\/ppas.unam.edu.ar\/index.php?rest_route=\/wp\/v2\/users\/2"}],"replies":[{"embeddable":true,"href":"https:\/\/ppas.unam.edu.ar\/index.php?rest_route=%2Fwp%2Fv2%2Fcomments&post=438"}],"version-history":[{"count":56,"href":"https:\/\/ppas.unam.edu.ar\/index.php?rest_route=\/wp\/v2\/pages\/438\/revisions"}],"predecessor-version":[{"id":3244,"href":"https:\/\/ppas.unam.edu.ar\/index.php?rest_route=\/wp\/v2\/pages\/438\/revisions\/3244"}],"wp:attachment":[{"href":"https:\/\/ppas.unam.edu.ar\/index.php?rest_route=%2Fwp%2Fv2%2Fmedia&parent=438"}],"curies":[{"name":"wp","href":"https:\/\/api.w.org\/{rel}","templated":true}]}}