{"id":557,"date":"2019-08-28T09:00:01","date_gmt":"2019-08-28T12:00:01","guid":{"rendered":"https:\/\/ppas.unam.edu.ar\/\/?page_id=557"},"modified":"2021-08-13T17:44:43","modified_gmt":"2021-08-13T20:44:43","slug":"teorias-antropologicas-y-sociologicas-contemporaneas","status":"publish","type":"page","link":"https:\/\/ppas.unam.edu.ar\/?page_id=557","title":{"rendered":"Teor\u00edas antropol\u00f3gicas y sociol\u00f3gicas contempor\u00e1neas"},"content":{"rendered":"<p><img fetchpriority=\"high\" decoding=\"async\" class=\"alignnone size-full wp-image-558\" src=\"https:\/\/ppas.unam.edu.ar\/\/wp-content\/uploads\/2021\/08\/Flyer-Abinzano-Otero-2020-1.png\" alt=\"\" width=\"891\" height=\"707\" \/><\/p>\n","protected":false},"excerpt":{"rendered":"","protected":false},"author":2,"featured_media":559,"parent":0,"menu_order":0,"comment_status":"closed","ping_status":"closed","template":"","meta":{"footnotes":""},"class_list":["post-557","page","type-page","status-publish","has-post-thumbnail","hentry"],"_links":{"self":[{"href":"https:\/\/ppas.unam.edu.ar\/index.php?rest_route=\/wp\/v2\/pages\/557","targetHints":{"allow":["GET"]}}],"collection":[{"href":"https:\/\/ppas.unam.edu.ar\/index.php?rest_route=\/wp\/v2\/pages"}],"about":[{"href":"https:\/\/ppas.unam.edu.ar\/index.php?rest_route=\/wp\/v2\/types\/page"}],"author":[{"embeddable":true,"href":"https:\/\/ppas.unam.edu.ar\/index.php?rest_route=\/wp\/v2\/users\/2"}],"replies":[{"embeddable":true,"href":"https:\/\/ppas.unam.edu.ar\/index.php?rest_route=%2Fwp%2Fv2%2Fcomments&post=557"}],"version-history":[{"count":1,"href":"https:\/\/ppas.unam.edu.ar\/index.php?rest_route=\/wp\/v2\/pages\/557\/revisions"}],"predecessor-version":[{"id":560,"href":"https:\/\/ppas.unam.edu.ar\/index.php?rest_route=\/wp\/v2\/pages\/557\/revisions\/560"}],"wp:featuredmedia":[{"embeddable":true,"href":"https:\/\/ppas.unam.edu.ar\/index.php?rest_route=\/wp\/v2\/media\/559"}],"wp:attachment":[{"href":"https:\/\/ppas.unam.edu.ar\/index.php?rest_route=%2Fwp%2Fv2%2Fmedia&parent=557"}],"curies":[{"name":"wp","href":"https:\/\/api.w.org\/{rel}","templated":true}]}}