{"id":6,"date":"2020-03-22T19:14:53","date_gmt":"2020-03-22T22:14:53","guid":{"rendered":"http:\/\/localhost\/ppas\/?page_id=2"},"modified":"2021-05-05T14:26:56","modified_gmt":"2021-05-05T17:26:56","slug":"pagina-ejemplo","status":"publish","type":"page","link":"https:\/\/ppas.unam.edu.ar\/?page_id=6","title":{"rendered":"El PPAS"},"content":{"rendered":"\n<p>El Programa de Posgrado en Antropolog\u00eda Social de la Facultad de Humanidades y Ciencias Sociales-Universidad Nacional de Misiones, comenz\u00f3 a dictarse a nivel de Maestr\u00eda en 1995. <\/p>\n\n\n\n<p>Fue aprobado y registrado por el Ministerio de Cultura y Educaci\u00f3n de la Naci\u00f3n y acreditado por la Comisi\u00f3n Nacional de Evaluaci\u00f3n y Acreditaci\u00f3n Universitaria (CONEAU) en 1995 como \u00abBn\u00bb.<\/p>\n\n\n\n<p>En 2001 incorpor\u00f3 el Doctorado. Ambas carreras fueron reconocidas por CONEAU en 2009 con la categor\u00eda \u00abA\u00bb (m\u00e1xima calificaci\u00f3n para los posgrados en Argentina), equivalente al nivel de excelencia.<\/p>\n\n\n\n<p>En el a\u00f1o 2020 la Maestr\u00eda y el Doctorado fueron evaluados nuevamente y mantuvieron la categor\u00eda \u00abA\u00bb.Res. CONEAU 2020-49660452 para la Maestr\u00eda y Res. CONEAU 2020-49660497 para el Doctorado.<\/p>\n\n\n\n<p>El PPAS otorga los grados acad\u00e9micos de Magister en Antropolog\u00eda Social ( 60 cr\u00e9ditos o un m\u00ednimo de cinco semestres) y Doctorado en Antropolog\u00eda Social (60 cr\u00e9ditos).<\/p>\n\n\n\n<p>La admisi\u00f3n para el nivel de Maestr\u00eda consiste en un proceso de selecci\u00f3n que incluye: a) una evaluaci\u00f3n de antecedentes b) un ensayo escrito c) una prueba de nivel de idioma ingl\u00e9s d) una entrevista con el Comit\u00e9 de Admisi\u00f3n.<\/p>\n\n\n\n<p>El nivel de Maestr\u00eda requiere el cursado de 60 cr\u00e9ditos, aproximadamente doce materias y la presentaci\u00f3n de una tesis basada preferentemente en investigaci\u00f3n de campo.<\/p>\n\n\n\n<p>El programa curricular es flexible y el alumno puede obtener el reconocimiento de hasta tres cursos de posgrado (15 cr\u00e9ditos) cursados en otras universidades del pa\u00eds o del extranjero.<br><br>El estudiante debe satisfacer los requerimientos de fluencia en ingl\u00e9s antes de completar los 30 cr\u00e9ditos.<br>Las materias se aprueban mediante la presentaci\u00f3n de monograf\u00edas escritas y la tesis es evaluada por un Comit\u00e9 evaluador integrado por una mayor\u00eda de profesores externos al Programa. <\/p>\n\n\n\n<p>La admisi\u00f3n al nivel de Doctorado requiere la posesi\u00f3n de un grado de Maestr\u00eda (o antecedentes equivalentes) y la presentaci\u00f3n de un Proyecto de Investigaci\u00f3n encuadrable en alguna de las lineas de investigaci\u00f3n desarrollada por los profesores permanentes.<br><br>Requiere el cursado de 30 cr\u00e9ditos acad\u00e9micos (aproximadamente seis cursos), 30 cr\u00e9ditos de Investigaci\u00f3n supervisada y la presentaci\u00f3n de una tesis que ser\u00e1 defendida ante un comit\u00e9 evaluador.<\/p>\n\n\n\n<p><strong>R\u00e9gimen de cursado:<\/strong><br>Las materias dictadas por profesores residentes, se dictan en sesiones semanales hasta completar entre 13 y 15 sesiones. Los cursos dictados por profesores visitantes, nacionales o extranjeros, se pueden dictar en forma intensiva (una semana o diez sesiones) o semi-intensiva (se fraccionan en m\u00e1s m\u00f3dulos).<\/p>\n\n\n\n<p>Los cursos son presenciales, se requiere la asistencia a un 75% de las clases.<\/p>\n","protected":false},"excerpt":{"rendered":"<p>El Programa de Posgrado en Antropolog\u00eda Social de la Facultad de Humanidades y Ciencias Sociales-Universidad Nacional de Misiones, comenz\u00f3 a dictarse a nivel de Maestr\u00eda en 1995. Fue aprobado y registrado por el Ministerio de Cultura y Educaci\u00f3n de la Naci\u00f3n y acreditado por la Comisi\u00f3n Nacional de Evaluaci\u00f3n y Acreditaci\u00f3n Universitaria (CONEAU) en 1995 [&hellip;]<\/p>\n","protected":false},"author":4,"featured_media":0,"parent":0,"menu_order":0,"comment_status":"closed","ping_status":"open","template":"","meta":{"footnotes":""},"class_list":["post-6","page","type-page","status-publish","hentry"],"_links":{"self":[{"href":"https:\/\/ppas.unam.edu.ar\/index.php?rest_route=\/wp\/v2\/pages\/6","targetHints":{"allow":["GET"]}}],"collection":[{"href":"https:\/\/ppas.unam.edu.ar\/index.php?rest_route=\/wp\/v2\/pages"}],"about":[{"href":"https:\/\/ppas.unam.edu.ar\/index.php?rest_route=\/wp\/v2\/types\/page"}],"author":[{"embeddable":true,"href":"https:\/\/ppas.unam.edu.ar\/index.php?rest_route=\/wp\/v2\/users\/4"}],"replies":[{"embeddable":true,"href":"https:\/\/ppas.unam.edu.ar\/index.php?rest_route=%2Fwp%2Fv2%2Fcomments&post=6"}],"version-history":[{"count":1,"href":"https:\/\/ppas.unam.edu.ar\/index.php?rest_route=\/wp\/v2\/pages\/6\/revisions"}],"predecessor-version":[{"id":209,"href":"https:\/\/ppas.unam.edu.ar\/index.php?rest_route=\/wp\/v2\/pages\/6\/revisions\/209"}],"wp:attachment":[{"href":"https:\/\/ppas.unam.edu.ar\/index.php?rest_route=%2Fwp%2Fv2%2Fmedia&parent=6"}],"curies":[{"name":"wp","href":"https:\/\/api.w.org\/{rel}","templated":true}]}}