{"id":890,"date":"2021-10-15T21:22:29","date_gmt":"2021-10-16T00:22:29","guid":{"rendered":"https:\/\/ppas.unam.edu.ar\/?page_id=890"},"modified":"2024-05-14T14:24:15","modified_gmt":"2024-05-14T17:24:15","slug":"rosana-guber","status":"publish","type":"page","link":"https:\/\/ppas.unam.edu.ar\/?page_id=890","title":{"rendered":"ROSANA GUBER"},"content":{"rendered":"<p><img decoding=\"async\" class=\"alignleft size-thumbnail wp-image-886\" src=\"https:\/\/ppas.unam.edu.ar\/wp-content\/uploads\/2021\/10\/ROSANA-GUBER-150x150.png\" alt=\"\" width=\"150\" height=\"150\" srcset=\"https:\/\/ppas.unam.edu.ar\/wp-content\/uploads\/2021\/10\/ROSANA-GUBER-150x150.png 150w, https:\/\/ppas.unam.edu.ar\/wp-content\/uploads\/2021\/10\/ROSANA-GUBER-100x100.png 100w, https:\/\/ppas.unam.edu.ar\/wp-content\/uploads\/2021\/10\/ROSANA-GUBER-60x60.png 60w, https:\/\/ppas.unam.edu.ar\/wp-content\/uploads\/2021\/10\/ROSANA-GUBER-50x50.png 50w, https:\/\/ppas.unam.edu.ar\/wp-content\/uploads\/2021\/10\/ROSANA-GUBER.png 300w\" sizes=\"(max-width: 150px) 100vw, 150px\" \/><\/p>\n<p><span style=\"font-weight: 400;\">Ph.D. y Master of Arts in Anthropology (Johns Hopkins University- EEUU), Mag\u00edster en Ciencias Sociales (FLACSO) y Licenciada en Ciencias Antropol\u00f3gicas (UBA). Investigadora Superior del Centro de Investigaciones Sociales de doble dependencia IDES-CONICET. Desde 1997 es profesora del Programa de Posgrado en Antropolog\u00eda Social (PPAS-UNaM). Dirige y coordina la Maestr\u00eda en Antropolog\u00eda Social IDES-IDAES\/UNSAM. Es la directora acad\u00e9mica de la Diplomatura Internacional de Teor\u00edas Antropol\u00f3gicas Latinoamericanas y del Caribe (UAH, Chile y EIDAES, Argentina).<\/span><\/p>\n<p><span style=\"font-weight: 400;\">Evaluadora de programas institucionales, proyectos de investigaci\u00f3n, promoci\u00f3n de investigadores, art\u00edculos en revistas especializadas y fue directora y miembro de jurados de tesis de maestr\u00eda y doctorado en la Argentina y en el exterior. Dict\u00f3 cursos en universidades de la Argentina, Bolivia, Brasil, Chile, Colombia, Costa Rica, Francia, M\u00e9xico, Per\u00fa y Uruguay. Autora de <\/span><i><span style=\"font-weight: 400;\">El salvaje metropolitano <\/span><\/i><span style=\"font-weight: 400;\">(1991\/2004);<\/span><i><span style=\"font-weight: 400;\"> La etnograf\u00eda: m\u00e9todo, campo y reflexividad\u201d <\/span><\/i><span style=\"font-weight: 400;\">(2001\/2012)<\/span><i><span style=\"font-weight: 400;\">; \u00bfPor qu\u00e9 Malvinas? De la causa justa a la guerra absurda\u201d <\/span><\/i><span style=\"font-weight: 400;\">(2001\/2012)<\/span><i><span style=\"font-weight: 400;\">; La articulaci\u00f3n etnogr\u00e1fica <\/span><\/i><span style=\"font-weight: 400;\">(2013); <\/span><i><span style=\"font-weight: 400;\">Experiencia de halc\u00f3n <\/span><\/i><span style=\"font-weight: 400;\">(2016), entre otros vol\u00famenes, y numerosos art\u00edculos en revistas especializadas argentinas y extranjeras. Recibi\u00f3 el Premio Konex en arqueolog\u00eda\/antropolog\u00eda en 2016.<\/span><\/p>\n<p><strong>L\u00edneas de investigaci\u00f3n:<\/strong><\/p>\n<p><span style=\"font-weight: 400;\">M\u00e9todo etnogr\u00e1fico &#8211; Guerra de Malvinas\/Falklands &#8211; Fuerzas Armadas de la Argentina &#8211; Memoria social \u2013 Experiencia \u2013 Antropolog\u00eda de las antropolog\u00edas argentinas.<\/span><\/p>\n","protected":false},"excerpt":{"rendered":"<p>Ph.D. y Master of Arts in Anthropology (Johns Hopkins University- EEUU), Mag\u00edster en Ciencias Sociales (FLACSO) y Licenciada en Ciencias Antropol\u00f3gicas (UBA). Investigadora Superior del Centro de Investigaciones Sociales de doble dependencia IDES-CONICET. Desde 1997 es profesora del Programa de Posgrado en Antropolog\u00eda Social (PPAS-UNaM). Dirige y coordina la Maestr\u00eda en Antropolog\u00eda Social IDES-IDAES\/UNSAM. Es [&hellip;]<\/p>\n","protected":false},"author":2,"featured_media":886,"parent":0,"menu_order":0,"comment_status":"closed","ping_status":"closed","template":"","meta":{"footnotes":""},"class_list":["post-890","page","type-page","status-publish","has-post-thumbnail","hentry"],"_links":{"self":[{"href":"https:\/\/ppas.unam.edu.ar\/index.php?rest_route=\/wp\/v2\/pages\/890","targetHints":{"allow":["GET"]}}],"collection":[{"href":"https:\/\/ppas.unam.edu.ar\/index.php?rest_route=\/wp\/v2\/pages"}],"about":[{"href":"https:\/\/ppas.unam.edu.ar\/index.php?rest_route=\/wp\/v2\/types\/page"}],"author":[{"embeddable":true,"href":"https:\/\/ppas.unam.edu.ar\/index.php?rest_route=\/wp\/v2\/users\/2"}],"replies":[{"embeddable":true,"href":"https:\/\/ppas.unam.edu.ar\/index.php?rest_route=%2Fwp%2Fv2%2Fcomments&post=890"}],"version-history":[{"count":2,"href":"https:\/\/ppas.unam.edu.ar\/index.php?rest_route=\/wp\/v2\/pages\/890\/revisions"}],"predecessor-version":[{"id":1851,"href":"https:\/\/ppas.unam.edu.ar\/index.php?rest_route=\/wp\/v2\/pages\/890\/revisions\/1851"}],"wp:featuredmedia":[{"embeddable":true,"href":"https:\/\/ppas.unam.edu.ar\/index.php?rest_route=\/wp\/v2\/media\/886"}],"wp:attachment":[{"href":"https:\/\/ppas.unam.edu.ar\/index.php?rest_route=%2Fwp%2Fv2%2Fmedia&parent=890"}],"curies":[{"name":"wp","href":"https:\/\/api.w.org\/{rel}","templated":true}]}}