{"id":9,"date":"2020-03-22T19:31:51","date_gmt":"2020-03-22T22:31:51","guid":{"rendered":"http:\/\/localhost\/ppas\/?page_id=8"},"modified":"2025-03-01T10:17:00","modified_gmt":"2025-03-01T13:17:00","slug":"resena-historica","status":"publish","type":"page","link":"https:\/\/ppas.unam.edu.ar\/?page_id=9","title":{"rendered":"Rese\u00f1a Hist\u00f3rica"},"content":{"rendered":"\t\t<div data-elementor-type=\"wp-page\" data-elementor-id=\"9\" class=\"elementor elementor-9\" data-elementor-post-type=\"page\">\n\t\t\t\t\t\t<section class=\"elementor-section elementor-top-section elementor-element elementor-element-5b5bfd3 elementor-section-boxed elementor-section-height-default elementor-section-height-default\" data-id=\"5b5bfd3\" data-element_type=\"section\">\n\t\t\t\t\t\t<div class=\"elementor-container elementor-column-gap-default\">\n\t\t\t\t\t<div class=\"elementor-column elementor-col-100 elementor-top-column elementor-element elementor-element-99b41ee\" data-id=\"99b41ee\" data-element_type=\"column\">\n\t\t\t<div class=\"elementor-widget-wrap elementor-element-populated\">\n\t\t\t\t\t\t<div class=\"elementor-element elementor-element-1a61405 elementor-widget elementor-widget-spacer\" data-id=\"1a61405\" data-element_type=\"widget\" data-widget_type=\"spacer.default\">\n\t\t\t\t<div class=\"elementor-widget-container\">\n\t\t\t\t\t\t\t<div class=\"elementor-spacer\">\n\t\t\t<div class=\"elementor-spacer-inner\"><\/div>\n\t\t<\/div>\n\t\t\t\t\t\t<\/div>\n\t\t\t\t<\/div>\n\t\t\t\t\t<\/div>\n\t\t<\/div>\n\t\t\t\t\t<\/div>\n\t\t<\/section>\n\t\t\t\t<section class=\"elementor-section elementor-top-section elementor-element elementor-element-225563c elementor-section-boxed elementor-section-height-default elementor-section-height-default\" data-id=\"225563c\" data-element_type=\"section\">\n\t\t\t\t\t\t<div class=\"elementor-container elementor-column-gap-default\">\n\t\t\t\t\t<div class=\"elementor-column elementor-col-100 elementor-top-column elementor-element elementor-element-cf93800\" data-id=\"cf93800\" data-element_type=\"column\">\n\t\t\t<div class=\"elementor-widget-wrap elementor-element-populated\">\n\t\t\t\t\t\t<div class=\"elementor-element elementor-element-74343b7 elementor-widget elementor-widget-heading\" data-id=\"74343b7\" data-element_type=\"widget\" data-widget_type=\"heading.default\">\n\t\t\t\t<div class=\"elementor-widget-container\">\n\t\t\t\t\t<h1 class=\"elementor-heading-title elementor-size-default\">Rese\u00f1a Hist\u00f3rica<\/h1>\t\t\t\t<\/div>\n\t\t\t\t<\/div>\n\t\t\t\t\t<\/div>\n\t\t<\/div>\n\t\t\t\t\t<\/div>\n\t\t<\/section>\n\t\t\t\t<section class=\"elementor-section elementor-top-section elementor-element elementor-element-be434ed elementor-section-boxed elementor-section-height-default elementor-section-height-default\" data-id=\"be434ed\" data-element_type=\"section\">\n\t\t\t\t\t\t<div class=\"elementor-container elementor-column-gap-default\">\n\t\t\t\t\t<div class=\"elementor-column elementor-col-100 elementor-top-column elementor-element elementor-element-30b2c86\" data-id=\"30b2c86\" data-element_type=\"column\">\n\t\t\t<div class=\"elementor-widget-wrap elementor-element-populated\">\n\t\t\t\t\t\t<div class=\"elementor-element elementor-element-1140bf3 elementor-widget elementor-widget-text-editor\" data-id=\"1140bf3\" data-element_type=\"widget\" data-widget_type=\"text-editor.default\">\n\t\t\t\t<div class=\"elementor-widget-container\">\n\t\t\t\t\t\t\t\t\t<p style=\"text-align: justify;\">El PPAS otorga los grados acad\u00e9micos de Mag\u00edster en Antropolog\u00eda Social (desde 1995) y Doctor en Antropolog\u00eda Social (desde 2001).<\/p><p style=\"text-align: justify;\">El Programa de Posgrado en Antropolog\u00eda Social, dependiente de la Secretar\u00eda de Posgrado \u00a0de la Facultad de Humanidades y Ciencias Sociales-Universidad Nacional de Misiones fue fundado por el Dr. Leopoldo J. Bartolom\u00e9 y comenz\u00f3 a dictarse a nivel de Maestr\u00eda en 1995. Ese mismo a\u00f1o fue aprobado y registrado por el Ministerio de Educaci\u00f3n de la Naci\u00f3n y acreditado por la Comisi\u00f3n Nacional de Evaluaci\u00f3n y Acreditaci\u00f3n Universitaria (CONEAU) como \u00abBn\u00bb. Es un gran m\u00e9rito haber sido el primer posgrado en antropolog\u00eda del pa\u00eds.<\/p><p style=\"text-align: justify;\">En 2001 incorpor\u00f3 el Doctorado. Ambas carreras fueron reconocidas por CONEAU en 2009 con la categor\u00eda \u00abA\u00bb (m\u00e1xima calificaci\u00f3n para los posgrados en Argentina), equivalente al nivel de excelencia.<\/p><p style=\"text-align: justify;\">En el a\u00f1o 2020 la Maestr\u00eda y el Doctorado fueron evaluados nuevamente y mantuvieron la categor\u00eda \u00abA\u00bb. Res. CONEAU 2020-49660452 para la Maestr\u00eda y Res. CONEAU 2020-49660497 para el Doctorado<\/p><p style=\"text-align: justify;\">Cabe se\u00f1alar que el PPAS es reconocido nacional e internacionalmente como un programa acad\u00e9mico de excelencia, que otorga prestigio a la FHyCS y a la UNaM. Recibe a profesionales de diversas disciplinas del \u00e1rea de las ciencias sociales y las humanidades, provenientes de otras provincias argentinas y del extranjero, entre ellos, brasile\u00f1os, paraguayos, chilenos, colombianos y mexicanos.<\/p>\t\t\t\t\t\t\t\t<\/div>\n\t\t\t\t<\/div>\n\t\t\t\t\t<\/div>\n\t\t<\/div>\n\t\t\t\t\t<\/div>\n\t\t<\/section>\n\t\t\t\t<section class=\"elementor-section elementor-top-section elementor-element elementor-element-2c931a7 elementor-section-boxed elementor-section-height-default elementor-section-height-default\" data-id=\"2c931a7\" data-element_type=\"section\">\n\t\t\t\t\t\t<div class=\"elementor-container elementor-column-gap-default\">\n\t\t\t\t\t<div class=\"elementor-column elementor-col-33 elementor-top-column elementor-element elementor-element-262199f\" data-id=\"262199f\" data-element_type=\"column\">\n\t\t\t<div class=\"elementor-widget-wrap elementor-element-populated\">\n\t\t\t\t\t\t<div class=\"elementor-element elementor-element-d8aac03 elementor-widget elementor-widget-button\" data-id=\"d8aac03\" data-element_type=\"widget\" data-widget_type=\"button.default\">\n\t\t\t\t<div class=\"elementor-widget-container\">\n\t\t\t\t\t\t\t\t\t<div class=\"elementor-button-wrapper\">\n\t\t\t\t\t<a class=\"elementor-button elementor-button-link elementor-size-sm\" href=\"https:\/\/ppas.unam.edu.ar\/wp-content\/uploads\/2021\/07\/RS-2020-49660497-APN-CONEAUME.pdf\" target=\"_blank\">\n\t\t\t\t\t\t<span class=\"elementor-button-content-wrapper\">\n\t\t\t\t\t\t\t\t\t<span class=\"elementor-button-text\">Ver Resoluci\u00f3n de la carrera de Doctorado en Antropolog\u00eda Social<\/span>\n\t\t\t\t\t<\/span>\n\t\t\t\t\t<\/a>\n\t\t\t\t<\/div>\n\t\t\t\t\t\t\t\t<\/div>\n\t\t\t\t<\/div>\n\t\t\t\t\t<\/div>\n\t\t<\/div>\n\t\t\t\t<div class=\"elementor-column elementor-col-33 elementor-top-column elementor-element elementor-element-e4d4fdd\" data-id=\"e4d4fdd\" data-element_type=\"column\">\n\t\t\t<div class=\"elementor-widget-wrap elementor-element-populated\">\n\t\t\t\t\t\t<div class=\"elementor-element elementor-element-482a844 elementor-widget elementor-widget-button\" data-id=\"482a844\" data-element_type=\"widget\" data-widget_type=\"button.default\">\n\t\t\t\t<div class=\"elementor-widget-container\">\n\t\t\t\t\t\t\t\t\t<div class=\"elementor-button-wrapper\">\n\t\t\t\t\t<a class=\"elementor-button elementor-button-link elementor-size-sm\" href=\"https:\/\/ppas.unam.edu.ar\/wp-content\/uploads\/2021\/07\/RS-2020-49660452-APN-CONEAUME.pdf\" target=\"_blank\">\n\t\t\t\t\t\t<span class=\"elementor-button-content-wrapper\">\n\t\t\t\t\t\t\t\t\t<span class=\"elementor-button-text\">Ver Resoluci\u00f3n de Maestr\u00eda en Antropolog\u00eda Social<\/span>\n\t\t\t\t\t<\/span>\n\t\t\t\t\t<\/a>\n\t\t\t\t<\/div>\n\t\t\t\t\t\t\t\t<\/div>\n\t\t\t\t<\/div>\n\t\t\t\t\t<\/div>\n\t\t<\/div>\n\t\t\t\t<div class=\"elementor-column elementor-col-33 elementor-top-column elementor-element elementor-element-228f77c\" data-id=\"228f77c\" data-element_type=\"column\">\n\t\t\t<div class=\"elementor-widget-wrap elementor-element-populated\">\n\t\t\t\t\t\t<div class=\"elementor-element elementor-element-e01c242 elementor-widget elementor-widget-button\" data-id=\"e01c242\" data-element_type=\"widget\" data-widget_type=\"button.default\">\n\t\t\t\t<div class=\"elementor-widget-container\">\n\t\t\t\t\t\t\t\t\t<div class=\"elementor-button-wrapper\">\n\t\t\t\t\t<a class=\"elementor-button elementor-button-link elementor-size-sm\" href=\"https:\/\/ppas.unam.edu.ar\/wp-content\/uploads\/2021\/07\/RESOL-2021-664-APN-ME.pdf\" target=\"_blank\">\n\t\t\t\t\t\t<span class=\"elementor-button-content-wrapper\">\n\t\t\t\t\t\t\t\t\t<span class=\"elementor-button-text\">Ver Resoluci\u00f3n de Posgrado Doctor en Antropolog\u00eda Social<\/span>\n\t\t\t\t\t<\/span>\n\t\t\t\t\t<\/a>\n\t\t\t\t<\/div>\n\t\t\t\t\t\t\t\t<\/div>\n\t\t\t\t<\/div>\n\t\t\t\t\t<\/div>\n\t\t<\/div>\n\t\t\t\t\t<\/div>\n\t\t<\/section>\n\t\t\t\t<section class=\"elementor-section elementor-top-section elementor-element elementor-element-65d9a6c elementor-section-boxed elementor-section-height-default elementor-section-height-default\" data-id=\"65d9a6c\" data-element_type=\"section\">\n\t\t\t\t\t\t<div class=\"elementor-container elementor-column-gap-default\">\n\t\t\t\t\t<div class=\"elementor-column elementor-col-100 elementor-top-column elementor-element elementor-element-8db60a4\" data-id=\"8db60a4\" data-element_type=\"column\">\n\t\t\t<div class=\"elementor-widget-wrap elementor-element-populated\">\n\t\t\t\t\t\t<div class=\"elementor-element elementor-element-d3fa356 elementor-widget elementor-widget-spacer\" data-id=\"d3fa356\" data-element_type=\"widget\" data-widget_type=\"spacer.default\">\n\t\t\t\t<div class=\"elementor-widget-container\">\n\t\t\t\t\t\t\t<div class=\"elementor-spacer\">\n\t\t\t<div class=\"elementor-spacer-inner\"><\/div>\n\t\t<\/div>\n\t\t\t\t\t\t<\/div>\n\t\t\t\t<\/div>\n\t\t\t\t\t<\/div>\n\t\t<\/div>\n\t\t\t\t\t<\/div>\n\t\t<\/section>\n\t\t\t\t<\/div>\n\t\t","protected":false},"excerpt":{"rendered":"<p>Rese\u00f1a Hist\u00f3rica El PPAS otorga los grados acad\u00e9micos de Mag\u00edster en Antropolog\u00eda Social (desde 1995) y Doctor en Antropolog\u00eda Social (desde 2001). El Programa de Posgrado en Antropolog\u00eda Social, dependiente de la Secretar\u00eda de Posgrado \u00a0de la Facultad de Humanidades y Ciencias Sociales-Universidad Nacional de Misiones fue fundado por el Dr. Leopoldo J. Bartolom\u00e9 y [&hellip;]<\/p>\n","protected":false},"author":4,"featured_media":0,"parent":0,"menu_order":0,"comment_status":"closed","ping_status":"closed","template":"","meta":{"footnotes":""},"class_list":["post-9","page","type-page","status-publish","hentry"],"_links":{"self":[{"href":"https:\/\/ppas.unam.edu.ar\/index.php?rest_route=\/wp\/v2\/pages\/9","targetHints":{"allow":["GET"]}}],"collection":[{"href":"https:\/\/ppas.unam.edu.ar\/index.php?rest_route=\/wp\/v2\/pages"}],"about":[{"href":"https:\/\/ppas.unam.edu.ar\/index.php?rest_route=\/wp\/v2\/types\/page"}],"author":[{"embeddable":true,"href":"https:\/\/ppas.unam.edu.ar\/index.php?rest_route=\/wp\/v2\/users\/4"}],"replies":[{"embeddable":true,"href":"https:\/\/ppas.unam.edu.ar\/index.php?rest_route=%2Fwp%2Fv2%2Fcomments&post=9"}],"version-history":[{"count":21,"href":"https:\/\/ppas.unam.edu.ar\/index.php?rest_route=\/wp\/v2\/pages\/9\/revisions"}],"predecessor-version":[{"id":2333,"href":"https:\/\/ppas.unam.edu.ar\/index.php?rest_route=\/wp\/v2\/pages\/9\/revisions\/2333"}],"wp:attachment":[{"href":"https:\/\/ppas.unam.edu.ar\/index.php?rest_route=%2Fwp%2Fv2%2Fmedia&parent=9"}],"curies":[{"name":"wp","href":"https:\/\/api.w.org\/{rel}","templated":true}]}}